{"id":2428827,"date":"2024-05-23T11:49:03","date_gmt":"2024-05-23T09:49:03","guid":{"rendered":"https:\/\/ecg-electro.eu\/?page_id=2428827"},"modified":"2024-05-23T15:44:28","modified_gmt":"2024-05-23T13:44:28","slug":"kachni-prso-s-visnovou-omackou","status":"publish","type":"page","link":"https:\/\/ecg-electro.eu\/cs\/kachni-prsa-s-visnovou-omackou\/","title":{"rendered":"Kachn\u00ed prso s vi\u0161\u0148ovou om\u00e1\u010dkou"},"content":{"rendered":"\t\t<div data-elementor-type=\"wp-page\" data-elementor-id=\"2428827\" class=\"elementor elementor-2428827\" data-elementor-post-type=\"page\">\n\t\t\t\t\t\t<section class=\"elementor-section elementor-top-section elementor-element elementor-element-bc1ac44 elementor-section-boxed elementor-section-height-default elementor-section-height-default\" data-id=\"bc1ac44\" data-element_type=\"section\" data-e-type=\"section\">\n\t\t\t\t\t\t<div class=\"elementor-container elementor-column-gap-default\">\n\t\t\t\t\t<div class=\"elementor-column elementor-col-100 elementor-top-column elementor-element elementor-element-d725953\" data-id=\"d725953\" data-element_type=\"column\" data-e-type=\"column\">\n\t\t\t<div class=\"elementor-widget-wrap elementor-element-populated\">\n\t\t\t\t\t\t<div data-dce-title-color=\"#000000\" class=\"elementor-element elementor-element-365480d elementor-widget elementor-widget-heading\" data-id=\"365480d\" data-element_type=\"widget\" data-e-type=\"widget\" data-widget_type=\"heading.default\">\n\t\t\t\t<div class=\"elementor-widget-container\">\n\t\t\t\t\t<h2 class=\"elementor-heading-title elementor-size-default\">Kachn\u00ed prso s vi\u0161\u0148ovou om\u00e1\u010dkou<\/h2>\t\t\t\t<\/div>\n\t\t\t\t<\/div>\n\t\t\t\t\t<\/div>\n\t\t<\/div>\n\t\t\t\t\t<\/div>\n\t\t<\/section>\n\t\t\t\t<section class=\"elementor-section elementor-top-section elementor-element elementor-element-7a8e90d elementor-section-boxed elementor-section-height-default elementor-section-height-default\" data-id=\"7a8e90d\" data-element_type=\"section\" data-e-type=\"section\">\n\t\t\t\t\t\t<div class=\"elementor-container elementor-column-gap-default\">\n\t\t\t\t\t<header data-dce-background-color=\"#E4E4E4\" class=\"elementor-column elementor-col-50 elementor-top-column elementor-element elementor-element-1858b93\" data-id=\"1858b93\" data-element_type=\"column\" data-e-type=\"column\" data-settings=\"{&quot;background_background&quot;:&quot;classic&quot;}\">\n\t\t\t<div class=\"elementor-widget-wrap elementor-element-populated\">\n\t\t\t\t\t\t<div class=\"elementor-element elementor-element-37433cb elementor-widget__width-initial elementor-widget elementor-widget-text-editor\" data-id=\"37433cb\" data-element_type=\"widget\" data-e-type=\"widget\" data-widget_type=\"text-editor.default\">\n\t\t\t\t<div class=\"elementor-widget-container\">\n\t\t\t\t\t\t\t\t\t<h4>\u00a0<\/h4><h4><strong>Ingredience<\/strong>:<\/h4><ul><li>4 kachn\u00ed prsa s\u00a0k\u016f\u017e\u00ed<\/li><li>400 g brambor grenaille<\/li><li>200 g \u010derven\u00e9 \u0159epy<\/li><li>4ks karotky s\u00a0nat\u00ed<\/li><li>1 st\u0159edn\u00ed \u017elut\u00e1 \u0159epa<\/li><li>2 st\u0159edn\u00ed pomeran\u010de<\/li><li>100 g mra\u017een\u00fdch vi\u0161n\u00ed<\/li><li>0,04 ml vi\u0161\u0148ovice<\/li><li>5 g \u010derstv\u00e9 m\u00e1ty<\/li><li>4ks jarn\u00ed cibulky<\/li><li>50 g m\u00e1sla<\/li><li>sn\u00edtka rozmar\u00fdnu<\/li><li>r\u016f\u017eov\u00fd fermentovan\u00fd pep\u0159 <\/li><li>300 ml zeleninov\u00e9ho v\u00fdvaru <\/li><li>s\u016fl, pep\u0159<\/li><li>1 citron (nebo okyselovac\u00ed sour)<\/li><li>olivov\u00fd olej z\u00a0pokrutin<\/li><\/ul><div>\u00a0<\/div><div>\u00a0<\/div>\t\t\t\t\t\t\t\t<\/div>\n\t\t\t\t<\/div>\n\t\t\t\t\t<\/div>\n\t\t<\/header>\n\t\t\t\t<div class=\"elementor-column elementor-col-50 elementor-top-column elementor-element elementor-element-163676d\" data-id=\"163676d\" data-element_type=\"column\" data-e-type=\"column\">\n\t\t\t<div class=\"elementor-widget-wrap elementor-element-populated\">\n\t\t\t\t\t\t<div class=\"elementor-element elementor-element-898c330 elementor-widget__width-initial elementor-widget elementor-widget-video\" data-id=\"898c330\" data-element_type=\"widget\" data-e-type=\"widget\" data-settings=\"{&quot;video_type&quot;:&quot;hosted&quot;,&quot;controls&quot;:&quot;yes&quot;}\" data-widget_type=\"video.default\">\n\t\t\t\t<div class=\"elementor-widget-container\">\n\t\t\t\t\t\t\t<div class=\"e-hosted-video elementor-wrapper elementor-open-inline\">\n\t\t\t\t\t<video class=\"elementor-video\" src=\"https:\/\/ecg-electro.eu\/wp-content\/uploads\/2024\/05\/7kACHNIPRSOLOGOa.mp4\" controls=\"\" preload=\"metadata\" controlsList=\"nodownload\"><\/video>\n\t\t\t\t<\/div>\n\t\t\t\t\t\t<\/div>\n\t\t\t\t<\/div>\n\t\t\t\t\t<\/div>\n\t\t<\/div>\n\t\t\t\t\t<\/div>\n\t\t<\/section>\n\t\t\t\t<section class=\"elementor-section elementor-top-section elementor-element elementor-element-5668044 elementor-section-boxed elementor-section-height-default elementor-section-height-default\" data-id=\"5668044\" data-element_type=\"section\" data-e-type=\"section\">\n\t\t\t\t\t\t<div class=\"elementor-container elementor-column-gap-default\">\n\t\t\t\t\t<div class=\"elementor-column elementor-col-50 elementor-top-column elementor-element elementor-element-dcc787c\" data-id=\"dcc787c\" data-element_type=\"column\" data-e-type=\"column\">\n\t\t\t<div class=\"elementor-widget-wrap elementor-element-populated\">\n\t\t\t\t\t\t<div class=\"elementor-element elementor-element-f7cd4ad elementor-widget__width-initial elementor-widget elementor-widget-text-editor\" data-id=\"f7cd4ad\" data-element_type=\"widget\" data-e-type=\"widget\" data-widget_type=\"text-editor.default\">\n\t\t\t\t<div class=\"elementor-widget-container\">\n\t\t\t\t\t\t\t\t\t<p>Porc\u00ed:\u00a0 4\u00a0 |\u00a0 P\u0159\u00edprava: 45 min\u00a0<\/p><h5><strong>P\u0159\u00edprava:<\/strong><\/h5><ol><li><h6>\u00a0Kachn\u00ed prsa omyjeme, osu\u0161\u00edme a na\u0159\u00edzneme k\u016f\u017ei. Maso ochut\u00edme sol\u00ed a pep\u0159em a nech\u00e1me marinovat. Oloupeme \u010dervenou \u0159epu a nakr\u00e1j\u00edme ji na m\u011bs\u00ed\u010dky, karotku o\u010dist\u00edme (m\u016f\u017eeme nechat cca 5cm zelen\u00e9 nat\u011b). Brambory grenaille na\u0159e\u017eeme po cel\u00e9 d\u00e9lce tak, abychom je nedokrojili, d\u00edky \u010demu\u017e se po upe\u010den\u00ed rozt\u00e1hnou do v\u011bj\u00ed\u0159e. Brambory osol\u00edme, opep\u0159\u00edme, zak\u00e1pneme olejem a vlo\u017e\u00edme do horkovzdu\u0161n\u00e9 frit\u00e9zy na 180 \u00b0C po dobu 20 minut, dokud nebudou m\u011bkk\u00e9.<\/h6><\/li><\/ol><ol start=\"2\"><li><h6>O\u010dist\u00edme \u017elutou \u0159epu, nakr\u00e1j\u00edme ji na tenk\u00e9 pl\u00e1tky a posypeme sol\u00ed a pep\u0159em. P\u0159id\u00e1me citronov\u00fd sour nebo citron, k\u016fru z pomeran\u010de a nech\u00e1me stranou zm\u011bknout. Mezit\u00edm rozp\u00e1l\u00edme v rendl\u00edku olivov\u00fd olej a orestujeme mra\u017een\u00e9 vi\u0161n\u011b. Sm\u011bs zak\u00e1pneme vi\u0161\u0148ovic\u00ed a va\u0159\u00edme, dokud se neodpa\u0159\u00ed alkohol. V\u0161e zalejeme zeleninov\u00fdm v\u00fdvarem a nech\u00e1me zredukovat o polovinu. Om\u00e1\u010dku dochut\u00edme sol\u00ed a pep\u0159em, st\u00e1hneme teplotu a p\u0159id\u00e1me vychlazen\u00e9 m\u00e1slo, kter\u00e9 za\u0161leh\u00e1me do om\u00e1\u010dky na zahu\u0161t\u011bn\u00ed.<\/h6><\/li><\/ol><ol start=\"3\"><li><h6>Kontaktn\u00ed gril rozp\u00e1l\u00edme na maxim\u00e1ln\u00ed teplotu a vlo\u017e\u00edme na n\u011bj kachn\u00ed prsa k\u016f\u017e\u00ed dol\u016f, aby se p\u011bkn\u011b opekla. Prsa grilujeme asi 10 minut, pot\u00e9 grill otev\u0159eme a kachnu oto\u010d\u00edme, aby se tuk z k\u016f\u017ee nas\u00e1kl do masa. P\u0159id\u00e1me o\u010di\u0161t\u011bnou jarn\u00ed cibulku a ope\u010deme ji z obou stran dozlatova.<\/h6><\/li><\/ol><ol start=\"4\"><li><h6>Kachn\u00ed prsa vynd\u00e1me z grilu a nech\u00e1me je chvilku odle\u017eet, aby p\u0159i nakrojen\u00ed nevytekla ve\u0161ker\u00e1 \u0161\u0165\u00e1va. Od\u0159\u00edzneme okraje a maso p\u0159ekroj\u00edme nap\u016fl. Serv\u00edrujeme s pe\u010den\u00fdmi bramb\u016frkami grenaille, pe\u010denou \u0159epou a karotkou, s vykr\u00e1jen\u00fdmi segmenty pomeran\u010de a marinovanou \u017elutou \u0159epou.<\/h6><\/li><\/ol><p>\u00a0\u00a0\u00a0\u00a0\u00a0\u00a0\u00a0\u00a0\u00a0\u00a0\u00a0\u00a0\u00a0\u00a0\u00a0\u00a0\u00a0\u00a0\u00a0\u00a0\u00a0\u00a0\u00a0\u00a0\u00a0\u00a0\u00a0\u00a0\u00a0\u00a0\u00a0\u00a0\u00a0\u00a0\u00a0\u00a0\u00a0\u00a0\u00a0\u00a0\u00a0\u00a0\u00a0\u00a0\u00a0\u00a0\u00a0\u00a0\u00a0\u00a0\u00a0\u00a0\u00a0\u00a0\u00a0\u00a0\u00a0\u00a0\u00a0\u00a0\u00a0\u00a0\u00a0\u00a0\u00a0\u00a0\u00a0\u00a0\u00a0\u00a0\u00a0\u00a0\u00a0\u00a0\u00a0\u00a0\u00a0\u00a0\u00a0\u00a0\u00a0\u00a0\u00a0\u00a0\u00a0\u00a0\u00a0\u00a0\u00a0\u00a0\u00a0\u00a0\u00a0\u00a0\u00a0\u00a0\u00a0\u00a0\u00a0\u00a0\u00a0\u00a0\u00a0\u00a0\u00a0\u00a0\u00a0\u00a0\u00a0\u00a0\u00a0\u00a0 Dobrou chu\u0165!<\/p>\t\t\t\t\t\t\t\t<\/div>\n\t\t\t\t<\/div>\n\t\t\t\t\t<\/div>\n\t\t<\/div>\n\t\t\t\t<div class=\"elementor-column elementor-col-50 elementor-top-column elementor-element elementor-element-8bb5abe\" data-id=\"8bb5abe\" data-element_type=\"column\" data-e-type=\"column\">\n\t\t\t<div class=\"elementor-widget-wrap elementor-element-populated\">\n\t\t\t\t\t\t<div class=\"elementor-element elementor-element-b06469e elementor-widget__width-initial elementor-widget elementor-widget-image\" data-id=\"b06469e\" data-element_type=\"widget\" data-e-type=\"widget\" data-widget_type=\"image.default\">\n\t\t\t\t<div class=\"elementor-widget-container\">\n\t\t\t\t\t\t\t\t\t\t\t\t\t\t\t<img fetchpriority=\"high\" decoding=\"async\" width=\"632\" height=\"1024\" src=\"https:\/\/ecg-electro.eu\/wp-content\/uploads\/2024\/05\/20240502_143007-1-632x1024.jpg\" class=\"attachment-large size-large wp-image-2428828\" alt=\"\" \/>\t\t\t\t\t\t\t\t\t\t\t\t\t\t\t<\/div>\n\t\t\t\t<\/div>\n\t\t\t\t\t<\/div>\n\t\t<\/div>\n\t\t\t\t\t<\/div>\n\t\t<\/section>\n\t\t\t\t<section class=\"elementor-section elementor-top-section elementor-element elementor-element-79216d9 elementor-section-boxed elementor-section-height-default elementor-section-height-default\" data-id=\"79216d9\" data-element_type=\"section\" data-e-type=\"section\">\n\t\t\t\t\t\t<div class=\"elementor-container elementor-column-gap-default\">\n\t\t\t\t\t<div class=\"elementor-column elementor-col-100 elementor-top-column elementor-element elementor-element-0f2d781\" data-id=\"0f2d781\" data-element_type=\"column\" data-e-type=\"column\">\n\t\t\t<div class=\"elementor-widget-wrap elementor-element-populated\">\n\t\t\t\t\t\t<div class=\"elementor-element elementor-element-449b60f elementor-widget elementor-widget-spacer\" data-id=\"449b60f\" data-element_type=\"widget\" data-e-type=\"widget\" data-widget_type=\"spacer.default\">\n\t\t\t\t<div class=\"elementor-widget-container\">\n\t\t\t\t\t\t\t<div class=\"elementor-spacer\">\n\t\t\t<div class=\"elementor-spacer-inner\"><\/div>\n\t\t<\/div>\n\t\t\t\t\t\t<\/div>\n\t\t\t\t<\/div>\n\t\t\t\t<div data-dce-title-color=\"#000000\" class=\"elementor-element elementor-element-d764850 elementor-widget elementor-widget-heading\" data-id=\"d764850\" data-element_type=\"widget\" data-e-type=\"widget\" data-widget_type=\"heading.default\">\n\t\t\t\t<div class=\"elementor-widget-container\">\n\t\t\t\t\t<h4 class=\"elementor-heading-title elementor-size-default\">Pou\u017eit\u00e9 spot\u0159ebi\u010de<\/h4>\t\t\t\t<\/div>\n\t\t\t\t<\/div>\n\t\t\t\t\t<\/div>\n\t\t<\/div>\n\t\t\t\t\t<\/div>\n\t\t<\/section>\n\t\t\t\t<section class=\"elementor-section elementor-top-section elementor-element elementor-element-6cbdeb6 elementor-section-boxed elementor-section-height-default elementor-section-height-default\" data-id=\"6cbdeb6\" data-element_type=\"section\" data-e-type=\"section\">\n\t\t\t\t\t\t<div class=\"elementor-container elementor-column-gap-default\">\n\t\t\t\t\t<div class=\"elementor-column elementor-col-33 elementor-top-column elementor-element elementor-element-6333968\" data-id=\"6333968\" data-element_type=\"column\" data-e-type=\"column\">\n\t\t\t<div class=\"elementor-widget-wrap elementor-element-populated\">\n\t\t\t\t\t\t<div class=\"elementor-element elementor-element-3c904ab elementor-widget elementor-widget-image\" data-id=\"3c904ab\" data-element_type=\"widget\" data-e-type=\"widget\" data-widget_type=\"image.default\">\n\t\t\t\t<div class=\"elementor-widget-container\">\n\t\t\t\t\t\t\t\t\t\t\t\t\t\t\t\t<a href=\"https:\/\/ecg-electro.eu\/cs\/ecg-kg-1000-gourmet\/\">\n\t\t\t\t\t\t\t<img decoding=\"async\" width=\"300\" height=\"168\" src=\"https:\/\/ecg-electro.eu\/wp-content\/uploads\/2024\/05\/KG_1000_Gourmet_01_web-300x168.jpg\" class=\"attachment-medium size-medium wp-image-2421214\" alt=\"\" \/>\t\t\t\t\t\t\t\t<\/a>\n\t\t\t\t\t\t\t\t\t\t\t\t\t\t\t<\/div>\n\t\t\t\t<\/div>\n\t\t\t\t\t<\/div>\n\t\t<\/div>\n\t\t\t\t<div class=\"elementor-column elementor-col-33 elementor-top-column elementor-element elementor-element-e5f2e19\" data-id=\"e5f2e19\" data-element_type=\"column\" data-e-type=\"column\">\n\t\t\t<div class=\"elementor-widget-wrap elementor-element-populated\">\n\t\t\t\t\t\t<div class=\"elementor-element elementor-element-ab6728d elementor-widget__width-initial elementor-widget elementor-widget-image\" data-id=\"ab6728d\" data-element_type=\"widget\" data-e-type=\"widget\" data-settings=\"{&quot;_animation&quot;:&quot;none&quot;,&quot;_animation_delay&quot;:200}\" data-widget_type=\"image.default\">\n\t\t\t\t<div class=\"elementor-widget-container\">\n\t\t\t\t\t\t\t\t\t\t\t\t\t\t\t\t<a href=\"https:\/\/ecg-electro.eu\/cs\/ecg-af-6000\/\">\n\t\t\t\t\t\t\t<img decoding=\"async\" width=\"768\" height=\"881\" src=\"https:\/\/ecg-electro.eu\/wp-content\/uploads\/2024\/05\/AF_6000_04-768x881.png\" class=\"attachment-medium_large size-medium_large wp-image-2421200\" alt=\"\" \/>\t\t\t\t\t\t\t\t<\/a>\n\t\t\t\t\t\t\t\t\t\t\t\t\t\t\t<\/div>\n\t\t\t\t<\/div>\n\t\t\t\t\t<\/div>\n\t\t<\/div>\n\t\t\t\t<div class=\"elementor-column elementor-col-33 elementor-top-column elementor-element elementor-element-ddd214e\" data-id=\"ddd214e\" data-element_type=\"column\" data-e-type=\"column\">\n\t\t\t<div class=\"elementor-widget-wrap elementor-element-populated\">\n\t\t\t\t\t\t<div class=\"elementor-element elementor-element-3f9c969 elementor-widget__width-initial elementor-widget elementor-widget-image\" data-id=\"3f9c969\" data-element_type=\"widget\" data-e-type=\"widget\" data-widget_type=\"image.default\">\n\t\t\t\t<div class=\"elementor-widget-container\">\n\t\t\t\t\t\t\t\t\t\t\t\t\t\t\t\t<a href=\"https:\/\/ecg-electro.eu\/cs\/ecg-iv-2920-slim\/\">\n\t\t\t\t\t\t\t<img decoding=\"async\" src=\"https:\/\/ecg-electro.eu\/wp-content\/uploads\/2019\/10\/iv_2920_slim_2.png\" title=\"\" alt=\"\" loading=\"lazy\" \/>\t\t\t\t\t\t\t\t<\/a>\n\t\t\t\t\t\t\t\t\t\t\t\t\t\t\t<\/div>\n\t\t\t\t<\/div>\n\t\t\t\t\t<\/div>\n\t\t<\/div>\n\t\t\t\t\t<\/div>\n\t\t<\/section>\n\t\t\t\t<section class=\"elementor-section elementor-top-section elementor-element elementor-element-e761f21 elementor-section-boxed elementor-section-height-default elementor-section-height-default\" data-id=\"e761f21\" data-element_type=\"section\" data-e-type=\"section\">\n\t\t\t\t\t\t<div class=\"elementor-container elementor-column-gap-default\">\n\t\t\t\t\t<div class=\"elementor-column elementor-col-100 elementor-top-column elementor-element elementor-element-a7d7aeb\" data-id=\"a7d7aeb\" data-element_type=\"column\" data-e-type=\"column\">\n\t\t\t<div class=\"elementor-widget-wrap\">\n\t\t\t\t\t\t\t<\/div>\n\t\t<\/div>\n\t\t\t\t\t<\/div>\n\t\t<\/section>\n\t\t\t\t<\/div>\n\t\t","protected":false},"excerpt":{"rendered":"<p>Kachn\u00ed prso s vi\u0161\u0148ovou om\u00e1\u010dkou \u00a0 Ingredience: 4 kachn\u00ed prsa s\u00a0k\u016f\u017e\u00ed 400 g brambor grenaille 200 g \u010derven\u00e9 \u0159epy 4ks karotky s\u00a0nat\u00ed 1 st\u0159edn\u00ed \u017elut\u00e1 \u0159epa 2 st\u0159edn\u00ed pomeran\u010de 100 g mra\u017een\u00fdch vi\u0161n\u00ed 0,04 ml vi\u0161\u0148ovice 5 g \u010derstv\u00e9 m\u00e1ty 4ks jarn\u00ed cibulky 50 g m\u00e1sla sn\u00edtka rozmar\u00fdnu r\u016f\u017eov\u00fd fermentovan\u00fd pep\u0159 300 ml zeleninov\u00e9ho v\u00fdvaru [&hellip;]<\/p>\n","protected":false},"author":19,"featured_media":0,"parent":0,"menu_order":0,"comment_status":"closed","ping_status":"closed","template":"","meta":{"_acf_changed":false,"_monsterinsights_skip_tracking":false,"_monsterinsights_sitenote_active":false,"_monsterinsights_sitenote_note":"","_monsterinsights_sitenote_category":0,"footnotes":""},"class_list":["post-2428827","page","type-page","status-publish","hentry"],"acf":[],"_links":{"self":[{"href":"https:\/\/ecg-electro.eu\/cs\/wp-json\/wp\/v2\/pages\/2428827","targetHints":{"allow":["GET"]}}],"collection":[{"href":"https:\/\/ecg-electro.eu\/cs\/wp-json\/wp\/v2\/pages"}],"about":[{"href":"https:\/\/ecg-electro.eu\/cs\/wp-json\/wp\/v2\/types\/page"}],"author":[{"embeddable":true,"href":"https:\/\/ecg-electro.eu\/cs\/wp-json\/wp\/v2\/users\/19"}],"replies":[{"embeddable":true,"href":"https:\/\/ecg-electro.eu\/cs\/wp-json\/wp\/v2\/comments?post=2428827"}],"version-history":[{"count":5,"href":"https:\/\/ecg-electro.eu\/cs\/wp-json\/wp\/v2\/pages\/2428827\/revisions"}],"predecessor-version":[{"id":2428932,"href":"https:\/\/ecg-electro.eu\/cs\/wp-json\/wp\/v2\/pages\/2428827\/revisions\/2428932"}],"wp:attachment":[{"href":"https:\/\/ecg-electro.eu\/cs\/wp-json\/wp\/v2\/media?parent=2428827"}],"curies":[{"name":"wp","href":"https:\/\/api.w.org\/{rel}","templated":true}]}}