{"id":2420310,"date":"2024-05-20T11:20:05","date_gmt":"2024-05-20T09:20:05","guid":{"rendered":"https:\/\/ecg-electro.eu\/?page_id=2420310"},"modified":"2024-09-04T16:31:57","modified_gmt":"2024-09-04T14:31:57","slug":"cesnecka-s-medvedim-cesnekem","status":"publish","type":"page","link":"https:\/\/ecg-electro.eu\/cs\/kremova-cibulacka-s-medvedim-cesnekem\/","title":{"rendered":"Kr\u00e9mov\u00e1 cibula\u010dka s medv\u011bd\u00edm \u010desnekem"},"content":{"rendered":"\t\t<div data-elementor-type=\"wp-page\" data-elementor-id=\"2420310\" class=\"elementor elementor-2420310\" data-elementor-post-type=\"page\">\n\t\t\t\t\t\t<section class=\"elementor-section elementor-top-section elementor-element elementor-element-bc1ac44 elementor-section-boxed elementor-section-height-default elementor-section-height-default\" data-id=\"bc1ac44\" data-element_type=\"section\">\n\t\t\t\t\t\t<div class=\"elementor-container elementor-column-gap-default\">\n\t\t\t\t\t<div class=\"elementor-column elementor-col-100 elementor-top-column elementor-element elementor-element-d725953\" data-id=\"d725953\" data-element_type=\"column\">\n\t\t\t<div class=\"elementor-widget-wrap elementor-element-populated\">\n\t\t\t\t\t\t<div class=\"elementor-element elementor-element-365480d elementor-widget elementor-widget-heading\" data-id=\"365480d\" data-element_type=\"widget\" data-widget_type=\"heading.default\">\n\t\t\t\t<div class=\"elementor-widget-container\">\n\t\t\t\t\t<h2 class=\"elementor-heading-title elementor-size-default\">Kr\u00e9mov\u00e1 cibula\u010dka s medv\u011bd\u00edm \u010desnekem<\/h2>\t\t\t\t<\/div>\n\t\t\t\t<\/div>\n\t\t\t\t\t<\/div>\n\t\t<\/div>\n\t\t\t\t\t<\/div>\n\t\t<\/section>\n\t\t\t\t<section class=\"elementor-section elementor-top-section elementor-element elementor-element-7a8e90d elementor-section-boxed elementor-section-height-default elementor-section-height-default\" data-id=\"7a8e90d\" data-element_type=\"section\">\n\t\t\t\t\t\t<div class=\"elementor-container elementor-column-gap-default\">\n\t\t\t\t\t<header class=\"elementor-column elementor-col-50 elementor-top-column elementor-element elementor-element-1858b93\" data-id=\"1858b93\" data-element_type=\"column\" data-settings=\"{&quot;background_background&quot;:&quot;classic&quot;}\">\n\t\t\t<div class=\"elementor-widget-wrap elementor-element-populated\">\n\t\t\t\t\t\t<div class=\"elementor-element elementor-element-37433cb elementor-widget__width-initial elementor-widget elementor-widget-text-editor\" data-id=\"37433cb\" data-element_type=\"widget\" data-widget_type=\"text-editor.default\">\n\t\t\t\t<div class=\"elementor-widget-container\">\n\t\t\t\t\t\t\t\t\t<h4>\u00a0<\/h4><h4><strong>Ingredience<\/strong>:<\/h4><p>4 st\u0159edn\u00ed \u017elut\u00e9 cibule<br \/>2 st\u0159edn\u00ed \u010derven\u00e9 cibule<br \/>30g medv\u011bd\u00edho \u010desneku<br \/>15 strou\u017ek\u016f \u010desneku<br \/>500g kr\u00e9mov\u00fdch \u017eampion\u016f<br \/>1 chilli papri\u010dka<br \/>50g m\u00e1sla<br \/>rustik\u00e1ln\u00ed chleba<br \/>200ml kokosov\u00e9ho ml\u00e9ka<br \/>chilli ko\u0159en\u00ed <br \/>citronov\u00fd tymi\u00e1n<br \/>\u010derstv\u00fd rozmar\u00fdn<br \/>800ml zeleninov\u00e9ho v\u00fdvaru <br \/>cheddar s\u00fdr na strouh\u00e1n\u00ed<br \/>s\u016fl, pep\u0159<br \/>1 citron (nebo okyselovac\u00ed sour)<br \/>olivov\u00fd olej z pokrutin<br \/>slune\u010dnicov\u00fd olej<\/p><div>\u00a0<\/div><div>\u00a0<\/div>\t\t\t\t\t\t\t\t<\/div>\n\t\t\t\t<\/div>\n\t\t\t\t\t<\/div>\n\t\t<\/header>\n\t\t\t\t<div class=\"elementor-column elementor-col-50 elementor-top-column elementor-element elementor-element-163676d\" data-id=\"163676d\" data-element_type=\"column\">\n\t\t\t<div class=\"elementor-widget-wrap elementor-element-populated\">\n\t\t\t\t\t\t<div class=\"elementor-element elementor-element-898c330 elementor-widget__width-initial elementor-widget elementor-widget-video\" data-id=\"898c330\" data-element_type=\"widget\" data-settings=\"{&quot;video_type&quot;:&quot;hosted&quot;,&quot;controls&quot;:&quot;yes&quot;}\" data-widget_type=\"video.default\">\n\t\t\t\t<div class=\"elementor-widget-container\">\n\t\t\t\t\t\t\t<div class=\"e-hosted-video elementor-wrapper elementor-open-inline\">\n\t\t\t\t\t<video class=\"elementor-video\" src=\"https:\/\/ecg-electro.eu\/wp-content\/uploads\/2024\/05\/1.CibulackaA.mp4\" controls=\"\" preload=\"metadata\" controlsList=\"nodownload\"><\/video>\n\t\t\t\t<\/div>\n\t\t\t\t\t\t<\/div>\n\t\t\t\t<\/div>\n\t\t\t\t\t<\/div>\n\t\t<\/div>\n\t\t\t\t\t<\/div>\n\t\t<\/section>\n\t\t\t\t<section class=\"elementor-section elementor-top-section elementor-element elementor-element-5668044 elementor-section-boxed elementor-section-height-default elementor-section-height-default\" data-id=\"5668044\" data-element_type=\"section\">\n\t\t\t\t\t\t<div class=\"elementor-container elementor-column-gap-default\">\n\t\t\t\t\t<div class=\"elementor-column elementor-col-50 elementor-top-column elementor-element elementor-element-dcc787c\" data-id=\"dcc787c\" data-element_type=\"column\">\n\t\t\t<div class=\"elementor-widget-wrap elementor-element-populated\">\n\t\t\t\t\t\t<div class=\"elementor-element elementor-element-f7cd4ad elementor-widget__width-initial elementor-widget elementor-widget-text-editor\" data-id=\"f7cd4ad\" data-element_type=\"widget\" data-widget_type=\"text-editor.default\">\n\t\t\t\t<div class=\"elementor-widget-container\">\n\t\t\t\t\t\t\t\t\t<h6>Porc\u00ed:\u00a0 4\u00a0 |\u00a0 P\u0159\u00edprava: 35 min<\/h6><h5><strong>P\u0159\u00edprava:<\/strong><\/h5><ol><li><h6>Oloupeme \u010desnek, \u010dervenou i \u017elutou cibuli. \u010cervenou cibuli rozkroj\u00edme nap\u016fl a odlo\u017e\u00edme stranou. \u017dlutou cibuli nakr\u00e1j\u00edme na p\u016flkole\u010dka a asi 5 strou\u017ek\u016f \u010desneku rozdrt\u00edme hranou no\u017ee. Do rozeh\u0159\u00e1t\u00e9ho hrnce p\u0159id\u00e1me m\u00e1slo, olej, \u010desnek a \u017elutou cibuli a nech\u00e1me restovat dozlatova.<\/h6><\/li><\/ol><ol start=\"2\"><li><h6>Mezit\u00edm v rendl\u00edku rozeh\u0159ejeme slune\u010dnicov\u00fd olej a vhod\u00edme do n\u011bj nasekan\u00e9 chilli, sn\u00edtku rozmar\u00fdnu a zbytek \u010desneku vcelku. V\u0161e nech\u00e1me stranou vychladnout, \u010desnek zat\u00edm zm\u011bkne (m\u016f\u017eeme p\u0159ipravit v\u011bt\u0161\u00ed mno\u017estv\u00ed a uchovat v zava\u0159ovac\u00ed sklenici zalit\u00e9 olejem).<\/h6><\/li><\/ol><ol start=\"3\"><li><h6>K orestovan\u00e9 cibuli p\u0159id\u00e1me jednu t\u0159etinu nakr\u00e1jen\u00fdch \u017eampion\u016f a dv\u011b t\u0159etiny nasekan\u00e9ho medv\u011bd\u00edho \u010desneku. Op\u011bt orestujeme dozlatova. P\u0159im\u00edch\u00e1me chilli a nech\u00e1me chvilku osmahnout (intenzitu p\u00e1livosti p\u0159izp\u016fsob\u00edme dle chuti).<\/h6><\/li><\/ol><ol start=\"4\"><li><h6>Pot\u00e9 zalijeme sm\u011bs zeleninov\u00fdm v\u00fdvarem, nech\u00e1me pova\u0159it a a\u017e pot\u00e9 p\u0159ilijeme kokosov\u00e9 ml\u00e9ko. Dochut\u00edme sol\u00ed, pep\u0159em a nech\u00e1me va\u0159it, dokud se tekutina nezredukuje o jednu t\u0159etinu. N\u00e1sledn\u011b v\u0161e rozmixujeme do hladk\u00e9 konzistence a podle pot\u0159eby dochut\u00edme citronovou \u0161\u0165\u00e1vou (pop\u0159\u00edpad\u011b okyselovac\u00edm sourem).<\/h6><\/li><\/ol><ol start=\"5\"><li><h6>Rozeh\u0159ejeme kontaktn\u00ed gril na maxim\u00e1ln\u00ed teplotu, pokapeme olejem a ope\u010deme zbytek \u017eampion\u016f a p\u016flky \u010derven\u00e9 cibule (sna\u017e\u00edme se dos\u00e1hnout sp\u00e1len\u00ed na ploch\u00e9 stran\u011b).\u00a0 Ochut\u00edme sol\u00ed a pep\u0159em.<\/h6><\/li><\/ol><ol start=\"6\"><li><h6>Ukroj\u00edme pl\u00e1tek rustik\u00e1ln\u00edho chleba a na grilu ope\u010deme dozlatova. Mezit\u00edm z\u00a0oleje vyt\u00e1hneme zm\u011bkl\u00e9 strou\u017eky \u010desneku a chilli rozm\u011bln\u00edme a nasek\u00e1me. Chleba sund\u00e1me z\u00a0grilu a poma\u017eeme vzniklou sm\u011bs\u00ed chilli a \u010desneku, navrch nastrouh\u00e1me cheddar, p\u0159id\u00e1me s\u016fl a pep\u0159 a vlo\u017e\u00edme do horkovzdu\u0161n\u00e9 trouby dop\u00e9ct.<\/h6><\/li><\/ol><ol start=\"7\"><li><h6>Grilovanou \u010dervenou cibuli rozkroj\u00edme na \u010dtvrtiny a rozebereme na jednotliv\u00e9 vrstvy. \u017dampiony v\u00a0misce sm\u00edch\u00e1me se zbytkem nasekan\u00e9ho medv\u011bd\u00edho \u010desneku, zak\u00e1pneme olivov\u00fdm olejem a prom\u00edch\u00e1me.<\/h6><\/li><\/ol><ol start=\"8\"><li><h6>Pomoc\u00ed tvo\u0159\u00edtka naserv\u00edrujeme na tal\u00ed\u0159 vzniklou sm\u011bs grilovan\u00fdch \u017eampion\u016f, na n\u011b d\u00e1me sp\u00e1lenou \u010dervenou cibuli (pokud nem\u00e1me tvo\u0159\u00edtko sta\u010d\u00ed sm\u011bs um\u00edstit doprost\u0159ed tal\u00ed\u0159e) a zalejeme dokola hotovou pol\u00e9vkou. Serv\u00edrujeme s\u00a0rustik\u00e1ln\u00ed topinkou s konfitovan\u00fdm \u010desnekem, posypanou cheddarem.<\/h6><\/li><\/ol><p>\u00a0\u00a0\u00a0\u00a0\u00a0\u00a0\u00a0\u00a0\u00a0\u00a0\u00a0\u00a0\u00a0\u00a0\u00a0\u00a0\u00a0\u00a0\u00a0\u00a0\u00a0\u00a0\u00a0\u00a0\u00a0\u00a0\u00a0\u00a0\u00a0\u00a0\u00a0\u00a0\u00a0\u00a0\u00a0\u00a0\u00a0\u00a0\u00a0\u00a0\u00a0\u00a0\u00a0\u00a0\u00a0\u00a0\u00a0\u00a0\u00a0\u00a0\u00a0\u00a0\u00a0\u00a0\u00a0\u00a0\u00a0\u00a0\u00a0\u00a0\u00a0\u00a0\u00a0\u00a0\u00a0\u00a0\u00a0\u00a0\u00a0\u00a0\u00a0\u00a0\u00a0\u00a0\u00a0\u00a0\u00a0\u00a0\u00a0\u00a0\u00a0\u00a0\u00a0\u00a0\u00a0\u00a0\u00a0\u00a0\u00a0\u00a0\u00a0\u00a0\u00a0\u00a0\u00a0\u00a0\u00a0\u00a0\u00a0\u00a0\u00a0\u00a0\u00a0\u00a0\u00a0\u00a0\u00a0\u00a0\u00a0\u00a0\u00a0\u00a0 Dobrou chu\u0165!<\/p>\t\t\t\t\t\t\t\t<\/div>\n\t\t\t\t<\/div>\n\t\t\t\t\t<\/div>\n\t\t<\/div>\n\t\t\t\t<div class=\"elementor-column elementor-col-50 elementor-top-column elementor-element elementor-element-8bb5abe\" data-id=\"8bb5abe\" data-element_type=\"column\">\n\t\t\t<div class=\"elementor-widget-wrap elementor-element-populated\">\n\t\t\t\t\t\t<div class=\"elementor-element elementor-element-b06469e elementor-widget__width-initial elementor-widget elementor-widget-image\" data-id=\"b06469e\" data-element_type=\"widget\" data-widget_type=\"image.default\">\n\t\t\t\t<div class=\"elementor-widget-container\">\n\t\t\t\t\t\t\t\t\t\t\t\t\t\t\t<img fetchpriority=\"high\" decoding=\"async\" width=\"653\" height=\"1024\" src=\"https:\/\/ecg-electro.eu\/wp-content\/uploads\/2024\/05\/20240502_145813-653x1024.jpg\" class=\"attachment-large size-large wp-image-2420149\" alt=\"\" \/>\t\t\t\t\t\t\t\t\t\t\t\t\t\t\t<\/div>\n\t\t\t\t<\/div>\n\t\t\t\t\t<\/div>\n\t\t<\/div>\n\t\t\t\t\t<\/div>\n\t\t<\/section>\n\t\t\t\t<section class=\"elementor-section elementor-top-section elementor-element elementor-element-79216d9 elementor-section-boxed elementor-section-height-default elementor-section-height-default\" data-id=\"79216d9\" data-element_type=\"section\">\n\t\t\t\t\t\t<div class=\"elementor-container elementor-column-gap-default\">\n\t\t\t\t\t<div class=\"elementor-column elementor-col-100 elementor-top-column elementor-element elementor-element-0f2d781\" data-id=\"0f2d781\" data-element_type=\"column\">\n\t\t\t<div class=\"elementor-widget-wrap elementor-element-populated\">\n\t\t\t\t\t\t<div class=\"elementor-element elementor-element-449b60f elementor-widget elementor-widget-spacer\" data-id=\"449b60f\" data-element_type=\"widget\" data-widget_type=\"spacer.default\">\n\t\t\t\t<div class=\"elementor-widget-container\">\n\t\t\t\t\t\t\t<div class=\"elementor-spacer\">\n\t\t\t<div class=\"elementor-spacer-inner\"><\/div>\n\t\t<\/div>\n\t\t\t\t\t\t<\/div>\n\t\t\t\t<\/div>\n\t\t\t\t<div class=\"elementor-element elementor-element-d764850 elementor-widget elementor-widget-heading\" data-id=\"d764850\" data-element_type=\"widget\" data-widget_type=\"heading.default\">\n\t\t\t\t<div class=\"elementor-widget-container\">\n\t\t\t\t\t<h4 class=\"elementor-heading-title elementor-size-default\">Pou\u017eit\u00e9 spot\u0159ebi\u010de<\/h4>\t\t\t\t<\/div>\n\t\t\t\t<\/div>\n\t\t\t\t\t<\/div>\n\t\t<\/div>\n\t\t\t\t\t<\/div>\n\t\t<\/section>\n\t\t\t\t<section class=\"elementor-section elementor-top-section elementor-element elementor-element-6cbdeb6 elementor-section-boxed elementor-section-height-default elementor-section-height-default\" data-id=\"6cbdeb6\" data-element_type=\"section\">\n\t\t\t\t\t\t<div class=\"elementor-container elementor-column-gap-default\">\n\t\t\t\t\t<div class=\"elementor-column elementor-col-25 elementor-top-column elementor-element elementor-element-6333968\" data-id=\"6333968\" data-element_type=\"column\">\n\t\t\t<div class=\"elementor-widget-wrap elementor-element-populated\">\n\t\t\t\t\t\t<div class=\"elementor-element elementor-element-3c904ab elementor-widget elementor-widget-image\" data-id=\"3c904ab\" data-element_type=\"widget\" data-widget_type=\"image.default\">\n\t\t\t\t<div class=\"elementor-widget-container\">\n\t\t\t\t\t\t\t\t\t\t\t\t\t\t\t\t<a href=\"https:\/\/ecg-electro.eu\/cs\/ecg-kg-1000-gourmet\/\">\n\t\t\t\t\t\t\t<img decoding=\"async\" width=\"300\" height=\"168\" src=\"https:\/\/ecg-electro.eu\/wp-content\/uploads\/2024\/05\/KG_1000_Gourmet_01_web-300x168.jpg\" class=\"attachment-medium size-medium wp-image-2421214\" alt=\"\" \/>\t\t\t\t\t\t\t\t<\/a>\n\t\t\t\t\t\t\t\t\t\t\t\t\t\t\t<\/div>\n\t\t\t\t<\/div>\n\t\t\t\t\t<\/div>\n\t\t<\/div>\n\t\t\t\t<div class=\"elementor-column elementor-col-25 elementor-top-column elementor-element elementor-element-e5f2e19\" data-id=\"e5f2e19\" data-element_type=\"column\">\n\t\t\t<div class=\"elementor-widget-wrap elementor-element-populated\">\n\t\t\t\t\t\t<div class=\"elementor-element elementor-element-ab6728d elementor-widget__width-initial elementor-widget elementor-widget-image\" data-id=\"ab6728d\" data-element_type=\"widget\" data-settings=\"{&quot;_animation&quot;:&quot;none&quot;,&quot;_animation_delay&quot;:200}\" data-widget_type=\"image.default\">\n\t\t\t\t<div class=\"elementor-widget-container\">\n\t\t\t\t\t\t\t\t\t\t\t\t\t\t\t\t<a href=\"https:\/\/ecg-electro.eu\/cs\/ecg-af-6000\/\">\n\t\t\t\t\t\t\t<img decoding=\"async\" width=\"768\" height=\"881\" src=\"https:\/\/ecg-electro.eu\/wp-content\/uploads\/2024\/05\/AF_6000_04-768x881.png\" class=\"attachment-medium_large size-medium_large wp-image-2421200\" alt=\"\" \/>\t\t\t\t\t\t\t\t<\/a>\n\t\t\t\t\t\t\t\t\t\t\t\t\t\t\t<\/div>\n\t\t\t\t<\/div>\n\t\t\t\t\t<\/div>\n\t\t<\/div>\n\t\t\t\t<div class=\"elementor-column elementor-col-25 elementor-top-column elementor-element elementor-element-21bd228\" data-id=\"21bd228\" data-element_type=\"column\">\n\t\t\t<div class=\"elementor-widget-wrap elementor-element-populated\">\n\t\t\t\t\t\t<div class=\"elementor-element elementor-element-4f18449 elementor-widget__width-initial elementor-widget elementor-widget-image\" data-id=\"4f18449\" data-element_type=\"widget\" data-widget_type=\"image.default\">\n\t\t\t\t<div class=\"elementor-widget-container\">\n\t\t\t\t\t\t\t\t\t\t\t\t\t\t\t\t<a href=\"https:\/\/ecg-electro.eu\/cs\/ecg-rm-750\/\">\n\t\t\t\t\t\t\t<img loading=\"lazy\" decoding=\"async\" width=\"768\" height=\"852\" src=\"https:\/\/ecg-electro.eu\/wp-content\/uploads\/2021\/05\/RM_750_01a-768x852.png\" class=\"attachment-medium_large size-medium_large wp-image-2360435\" alt=\"\" \/>\t\t\t\t\t\t\t\t<\/a>\n\t\t\t\t\t\t\t\t\t\t\t\t\t\t\t<\/div>\n\t\t\t\t<\/div>\n\t\t\t\t\t<\/div>\n\t\t<\/div>\n\t\t\t\t<div class=\"elementor-column elementor-col-25 elementor-top-column elementor-element elementor-element-ddd214e\" data-id=\"ddd214e\" data-element_type=\"column\">\n\t\t\t<div class=\"elementor-widget-wrap elementor-element-populated\">\n\t\t\t\t\t\t<div class=\"elementor-element elementor-element-3f9c969 elementor-widget__width-initial elementor-widget elementor-widget-image\" data-id=\"3f9c969\" data-element_type=\"widget\" data-widget_type=\"image.default\">\n\t\t\t\t<div class=\"elementor-widget-container\">\n\t\t\t\t\t\t\t\t\t\t\t\t\t\t\t\t<a href=\"https:\/\/ecg-electro.eu\/cs\/ecg-iv-2920-slim\/\">\n\t\t\t\t\t\t\t<img decoding=\"async\" src=\"https:\/\/ecg-electro.eu\/wp-content\/uploads\/2019\/10\/iv_2920_slim_2.png\" title=\"\" alt=\"\" loading=\"lazy\" \/>\t\t\t\t\t\t\t\t<\/a>\n\t\t\t\t\t\t\t\t\t\t\t\t\t\t\t<\/div>\n\t\t\t\t<\/div>\n\t\t\t\t\t<\/div>\n\t\t<\/div>\n\t\t\t\t\t<\/div>\n\t\t<\/section>\n\t\t\t\t<section class=\"elementor-section elementor-top-section elementor-element elementor-element-e761f21 elementor-section-boxed elementor-section-height-default elementor-section-height-default\" data-id=\"e761f21\" data-element_type=\"section\">\n\t\t\t\t\t\t<div class=\"elementor-container elementor-column-gap-default\">\n\t\t\t\t\t<div class=\"elementor-column elementor-col-100 elementor-top-column elementor-element elementor-element-a7d7aeb\" data-id=\"a7d7aeb\" data-element_type=\"column\">\n\t\t\t<div class=\"elementor-widget-wrap\">\n\t\t\t\t\t\t\t<\/div>\n\t\t<\/div>\n\t\t\t\t\t<\/div>\n\t\t<\/section>\n\t\t\t\t<\/div>\n\t\t","protected":false},"excerpt":{"rendered":"<p>Kr\u00e9mov\u00e1 cibula\u010dka s medv\u011bd\u00edm \u010desnekem \u00a0 Ingredience: 4 st\u0159edn\u00ed \u017elut\u00e9 cibule2 st\u0159edn\u00ed \u010derven\u00e9 cibule30g medv\u011bd\u00edho \u010desneku15 strou\u017ek\u016f \u010desneku500g kr\u00e9mov\u00fdch \u017eampion\u016f1 chilli papri\u010dka50g m\u00e1slarustik\u00e1ln\u00ed chleba200ml kokosov\u00e9ho ml\u00e9kachilli ko\u0159en\u00ed citronov\u00fd tymi\u00e1n\u010derstv\u00fd rozmar\u00fdn800ml zeleninov\u00e9ho v\u00fdvaru cheddar s\u00fdr na strouh\u00e1n\u00eds\u016fl, pep\u01591 citron (nebo okyselovac\u00ed sour)olivov\u00fd olej z pokrutinslune\u010dnicov\u00fd olej \u00a0\u00a0https:\/\/ecg-electro.eu\/wp-content\/uploads\/2024\/05\/1.CibulackaA.mp4 Porc\u00ed:\u00a0 4\u00a0 |\u00a0 P\u0159\u00edprava: 35 min P\u0159\u00edprava: Oloupeme \u010desnek, [&hellip;]<\/p>\n","protected":false},"author":19,"featured_media":0,"parent":0,"menu_order":0,"comment_status":"closed","ping_status":"closed","template":"","meta":{"_acf_changed":false,"_monsterinsights_skip_tracking":false,"_monsterinsights_sitenote_active":false,"_monsterinsights_sitenote_note":"","_monsterinsights_sitenote_category":0,"footnotes":""},"class_list":["post-2420310","page","type-page","status-publish","hentry"],"acf":[],"_links":{"self":[{"href":"https:\/\/ecg-electro.eu\/cs\/wp-json\/wp\/v2\/pages\/2420310","targetHints":{"allow":["GET"]}}],"collection":[{"href":"https:\/\/ecg-electro.eu\/cs\/wp-json\/wp\/v2\/pages"}],"about":[{"href":"https:\/\/ecg-electro.eu\/cs\/wp-json\/wp\/v2\/types\/page"}],"author":[{"embeddable":true,"href":"https:\/\/ecg-electro.eu\/cs\/wp-json\/wp\/v2\/users\/19"}],"replies":[{"embeddable":true,"href":"https:\/\/ecg-electro.eu\/cs\/wp-json\/wp\/v2\/comments?post=2420310"}],"version-history":[{"count":5,"href":"https:\/\/ecg-electro.eu\/cs\/wp-json\/wp\/v2\/pages\/2420310\/revisions"}],"predecessor-version":[{"id":2448380,"href":"https:\/\/ecg-electro.eu\/cs\/wp-json\/wp\/v2\/pages\/2420310\/revisions\/2448380"}],"wp:attachment":[{"href":"https:\/\/ecg-electro.eu\/cs\/wp-json\/wp\/v2\/media?parent=2420310"}],"curies":[{"name":"wp","href":"https:\/\/api.w.org\/{rel}","templated":true}]}}