{"id":217872,"date":"2021-03-06T16:10:30","date_gmt":"2021-03-06T16:10:30","guid":{"rendered":"https:\/\/ecg-electro.eu\/prohlaseni-o-ochrane-soukromi\/"},"modified":"2021-06-24T11:13:01","modified_gmt":"2021-06-24T11:13:01","slug":"prohlaseni-o-ochrane-soukromi","status":"publish","type":"page","link":"https:\/\/ecg-electro.eu\/cs\/prohlaseni-o-ochrane-soukromi\/","title":{"rendered":"Prohl\u00e1\u0161en\u00ed o ochran\u011b soukrom\u00ed"},"content":{"rendered":"\t\t<div data-elementor-type=\"wp-page\" data-elementor-id=\"217872\" class=\"elementor elementor-217872 elementor-216245\" data-elementor-post-type=\"page\">\n\t\t\t\t\t\t<section data-dce-background-color=\"#F6F6F6\" class=\"elementor-section elementor-top-section elementor-element elementor-element-b35d9c2 elementor-section-boxed elementor-section-height-default elementor-section-height-default\" data-id=\"b35d9c2\" data-element_type=\"section\" data-e-type=\"section\" data-settings=\"{&quot;background_background&quot;:&quot;classic&quot;}\">\n\t\t\t\t\t\t<div class=\"elementor-container elementor-column-gap-default\">\n\t\t\t\t\t<div class=\"elementor-column elementor-col-100 elementor-top-column elementor-element elementor-element-9230513\" data-id=\"9230513\" data-element_type=\"column\" data-e-type=\"column\">\n\t\t\t<div class=\"elementor-widget-wrap elementor-element-populated\">\n\t\t\t\t\t\t<div class=\"elementor-element elementor-element-31c47f4 elementor-widget elementor-widget-image\" data-id=\"31c47f4\" data-element_type=\"widget\" data-e-type=\"widget\" data-widget_type=\"image.default\">\n\t\t\t\t<div class=\"elementor-widget-container\">\n\t\t\t\t\t\t\t\t\t\t\t\t\t\t\t<img decoding=\"async\" src=\"https:\/\/ecg-electro.eu\/wp-content\/uploads\/2021\/04\/ecg_terms_conditions.jpg\" title=\"\" alt=\"\" loading=\"lazy\" \/>\t\t\t\t\t\t\t\t\t\t\t\t\t\t\t<\/div>\n\t\t\t\t<\/div>\n\t\t\t\t\t<\/div>\n\t\t<\/div>\n\t\t\t\t\t<\/div>\n\t\t<\/section>\n\t\t\t\t<section class=\"elementor-section elementor-top-section elementor-element elementor-element-aee027f elementor-section-boxed elementor-section-height-default elementor-section-height-default\" data-id=\"aee027f\" data-element_type=\"section\" data-e-type=\"section\">\n\t\t\t\t\t\t<div class=\"elementor-container elementor-column-gap-default\">\n\t\t\t\t\t<div class=\"elementor-column elementor-col-100 elementor-top-column elementor-element elementor-element-ba85075\" data-id=\"ba85075\" data-element_type=\"column\" data-e-type=\"column\">\n\t\t\t<div class=\"elementor-widget-wrap elementor-element-populated\">\n\t\t\t\t\t\t<div data-dce-title-color=\"#272727\" class=\"elementor-element elementor-element-94b5ab0 elementor-widget elementor-widget-heading\" data-id=\"94b5ab0\" data-element_type=\"widget\" data-e-type=\"widget\" data-widget_type=\"heading.default\">\n\t\t\t\t<div class=\"elementor-widget-container\">\n\t\t\t\t\t<h2 class=\"elementor-heading-title elementor-size-default\">Prohl\u00e1\u0161en\u00ed o ochran\u011b soukrom\u00ed<\/h2>\t\t\t\t<\/div>\n\t\t\t\t<\/div>\n\t\t\t\t\t<\/div>\n\t\t<\/div>\n\t\t\t\t\t<\/div>\n\t\t<\/section>\n\t\t\t\t<section class=\"elementor-section elementor-top-section elementor-element elementor-element-4dafeb9 elementor-section-height-min-height elementor-section-items-top elementor-section-boxed elementor-section-height-default\" data-id=\"4dafeb9\" data-element_type=\"section\" data-e-type=\"section\">\n\t\t\t\t\t\t<div class=\"elementor-container elementor-column-gap-default\">\n\t\t\t\t\t<div class=\"elementor-column elementor-col-50 elementor-top-column elementor-element elementor-element-3f84846\" data-id=\"3f84846\" data-element_type=\"column\" data-e-type=\"column\">\n\t\t\t<div class=\"elementor-widget-wrap elementor-element-populated\">\n\t\t\t\t\t\t<div class=\"elementor-element elementor-element-a1b97da elementor-widget elementor-widget-heading\" data-id=\"a1b97da\" data-element_type=\"widget\" data-e-type=\"widget\" data-widget_type=\"heading.default\">\n\t\t\t\t<div class=\"elementor-widget-container\">\n\t\t\t\t\t<h2 class=\"elementor-heading-title elementor-size-default\">&nbsp;<\/h2>\t\t\t\t<\/div>\n\t\t\t\t<\/div>\n\t\t\t\t\t<\/div>\n\t\t<\/div>\n\t\t\t\t<div class=\"elementor-column elementor-col-50 elementor-top-column elementor-element elementor-element-d8270c8\" data-id=\"d8270c8\" data-element_type=\"column\" data-e-type=\"column\">\n\t\t\t<div class=\"elementor-widget-wrap elementor-element-populated\">\n\t\t\t\t\t\t<div class=\"elementor-element elementor-element-82aac9f elementor-widget elementor-widget-text-editor\" data-id=\"82aac9f\" data-element_type=\"widget\" data-e-type=\"widget\" data-widget_type=\"text-editor.default\">\n\t\t\t\t<div class=\"elementor-widget-container\">\n\t\t\t\t\t\t\t\t\t<p>Vlastn\u00edkem a provozovatelem internetov\u00fdch str\u00e1nek ecg-electro.eu je spole\u010dnost K+B Progres, a.s., se s\u00eddlem U Expertu 91, 250 69 Kl\u00ed\u010dany, I\u010c: 61860123, kter\u00e1 je v souladu se z\u00e1k. \u010d. 121\/2000 Sb., autorsk\u00fd z\u00e1kon, opr\u00e1vn\u011bna vykon\u00e1vat majetkov\u00e1 pr\u00e1va k t\u011bmto internetov\u00fdm str\u00e1nk\u00e1m (d\u00e1le jen \u201eProvozovatel\u201c).<\/p>\n<p>Provozovateli n\u00e1le\u017e\u00ed v\u0161echna autorsk\u00e1 pr\u00e1va k ve\u0161ker\u00e9mu obsahu, kter\u00fd Provozovatel um\u00eds\u0165uje<br \/>\nna str\u00e1nk\u00e1ch ecg-electro.eu, v\u010detn\u011b textu, designu str\u00e1nek, technick\u00fdch n\u00e1\u010drt\u016f, grafiky, ve\u0161ker\u00fdch vyobrazen\u00ed na t\u011bchto str\u00e1nk\u00e1ch, jako\u017e i k v\u00fdb\u011bru a zp\u016fsobu uspo\u0159\u00e1d\u00e1n\u00ed soubor\u016f obsa\u017een\u00fdch na t\u011bchto str\u00e1nk\u00e1ch.<\/p>\n<p>Pr\u00e1va a povinnosti Provozovatele a u\u017eivatel\u016f p\u0159i pou\u017e\u00edv\u00e1n\u00ed t\u011bchto str\u00e1nek se \u0159\u00edd\u00ed t\u011bmito Pravidly. Tato Pravidla se vztahuj\u00ed na v\u0161echny osoby, kter\u00e9 nav\u0161t\u00edv\u00ed tyto str\u00e1nky (d\u00e1le jen \u201cU\u017eivatel\u00e9\u201d). U\u017eivatel vyj\u00e1d\u0159\u00ed souhlas s t\u011bmito Pravidly t\u00edm, \u017ee vstoup\u00ed na kteroukoliv z www str\u00e1nek Provozovatele<br \/>\n\u010di jak\u00fdmkoliv zp\u016fsobem u\u017eije jakoukoliv informaci um\u00edst\u011bnou v r\u00e1mci www str\u00e1nek Provozovatele.<br \/>\nZve\u0159ejn\u011bn\u00ed jak\u00fdchkoliv \u00fadaj\u016f \u010di informac\u00ed na str\u00e1nk\u00e1ch s v\u00fdjimkou tohoto dokumentu, nem\u00e1 povahu \u017e\u00e1dn\u00e9ho pr\u00e1vn\u00edho \u00fakonu, nebude-li v jednotliv\u00fdch p\u0159\u00edpadech v\u00fdslovn\u011b stanoveno jinak.<\/p>\n\t\t\t\t\t\t\t\t<\/div>\n\t\t\t\t<\/div>\n\t\t\t\t\t<\/div>\n\t\t<\/div>\n\t\t\t\t\t<\/div>\n\t\t<\/section>\n\t\t\t\t<section class=\"elementor-section elementor-top-section elementor-element elementor-element-afe00c7 elementor-section-height-min-height elementor-section-items-top elementor-section-boxed elementor-section-height-default\" data-id=\"afe00c7\" data-element_type=\"section\" data-e-type=\"section\">\n\t\t\t\t\t\t<div class=\"elementor-container elementor-column-gap-default\">\n\t\t\t\t\t<div class=\"elementor-column elementor-col-50 elementor-top-column elementor-element elementor-element-a14db8a\" data-id=\"a14db8a\" data-element_type=\"column\" data-e-type=\"column\">\n\t\t\t<div class=\"elementor-widget-wrap elementor-element-populated\">\n\t\t\t\t\t\t<div class=\"elementor-element elementor-element-3943ec6 elementor-widget elementor-widget-heading\" data-id=\"3943ec6\" data-element_type=\"widget\" data-e-type=\"widget\" data-widget_type=\"heading.default\">\n\t\t\t\t<div class=\"elementor-widget-container\">\n\t\t\t\t\t<h2 class=\"elementor-heading-title elementor-size-default\">SHROMA\u017d\u010eOVAN\u00c9 INFORMACE A JEJICH VYU\u017dIT\u00cd<\/h2>\t\t\t\t<\/div>\n\t\t\t\t<\/div>\n\t\t\t\t\t<\/div>\n\t\t<\/div>\n\t\t\t\t<div class=\"elementor-column elementor-col-50 elementor-top-column elementor-element elementor-element-0f036f2\" data-id=\"0f036f2\" data-element_type=\"column\" data-e-type=\"column\">\n\t\t\t<div class=\"elementor-widget-wrap elementor-element-populated\">\n\t\t\t\t\t\t<div class=\"elementor-element elementor-element-a928c53 elementor-widget elementor-widget-text-editor\" data-id=\"a928c53\" data-element_type=\"widget\" data-e-type=\"widget\" data-widget_type=\"text-editor.default\">\n\t\t\t\t<div class=\"elementor-widget-container\">\n\t\t\t\t\t\t\t\t\t<p>P\u0159\u00edstup na str\u00e1nky ecg-electro.eu, m\u016f\u017ee b\u00fdt ze strany Provozovatele podm\u00edn\u011bn poskytnut\u00edm n\u011bkter\u00fdch osobn\u00edch \u00fadaj\u016f U\u017eivatele ve smyslu z\u00e1k. \u010d. 101\/2000 Sb., o ochran\u011b osobn\u00edch \u00fadaj\u016f<br \/>\na p\u0159\u00edpadn\u011b i jin\u00fdch z\u00e1kon\u016f, v platn\u00e9m zn\u011bn\u00ed. V takov\u00e9m p\u0159\u00edpad\u011b bude Provozovatel s t\u011bmito \u00fadaji nakl\u00e1dat v souladu s platn\u00fdmi pr\u00e1vn\u00edmi p\u0159edpisy.<\/p>\n\t\t\t\t\t\t\t\t<\/div>\n\t\t\t\t<\/div>\n\t\t\t\t\t<\/div>\n\t\t<\/div>\n\t\t\t\t\t<\/div>\n\t\t<\/section>\n\t\t\t\t<section class=\"elementor-section elementor-top-section elementor-element elementor-element-aefa1b7 elementor-section-height-min-height elementor-section-items-top elementor-section-boxed elementor-section-height-default\" data-id=\"aefa1b7\" data-element_type=\"section\" data-e-type=\"section\">\n\t\t\t\t\t\t<div class=\"elementor-container elementor-column-gap-default\">\n\t\t\t\t\t<div class=\"elementor-column elementor-col-50 elementor-top-column elementor-element elementor-element-d521691\" data-id=\"d521691\" data-element_type=\"column\" data-e-type=\"column\">\n\t\t\t<div class=\"elementor-widget-wrap elementor-element-populated\">\n\t\t\t\t\t\t<div class=\"elementor-element elementor-element-bd77278 elementor-widget elementor-widget-heading\" data-id=\"bd77278\" data-element_type=\"widget\" data-e-type=\"widget\" data-widget_type=\"heading.default\">\n\t\t\t\t<div class=\"elementor-widget-container\">\n\t\t\t\t\t<h2 class=\"elementor-heading-title elementor-size-default\">P\u0158ED\u00c1V\u00c1N\u00cd OSOBN\u00cdCH \u00daDAJ\u016e<\/h2>\t\t\t\t<\/div>\n\t\t\t\t<\/div>\n\t\t\t\t\t<\/div>\n\t\t<\/div>\n\t\t\t\t<div class=\"elementor-column elementor-col-50 elementor-top-column elementor-element elementor-element-c8eb094\" data-id=\"c8eb094\" data-element_type=\"column\" data-e-type=\"column\">\n\t\t\t<div class=\"elementor-widget-wrap elementor-element-populated\">\n\t\t\t\t\t\t<div class=\"elementor-element elementor-element-08d222f elementor-widget elementor-widget-text-editor\" data-id=\"08d222f\" data-element_type=\"widget\" data-e-type=\"widget\" data-widget_type=\"text-editor.default\">\n\t\t\t\t<div class=\"elementor-widget-container\">\n\t\t\t\t\t\t\t\t\t<p>Provozovatel spolupracuje se spole\u010dnostmi, kter\u00e9 mu poskytuj\u00ed r\u016fzn\u00e9 slu\u017eby. Tyto spole\u010dnosti, pokud jsou k tomu opr\u00e1vn\u011bn\u00e9, mohou nakl\u00e1dat s osobn\u00edmi \u00fadaji U\u017eivatele, p\u0159i\u010dem\u017e s t\u011bmito informacemi pracuj\u00ed pouze p\u0159i pln\u011bn\u00ed sv\u00fdch povinnost\u00ed a nesm\u00ed je pou\u017e\u00edt k jin\u00e9mu \u00fa\u010delu. Provozovatel neprod\u00e1v\u00e1, nep\u0159ev\u00e1d\u00ed a nesd\u011bluje osobn\u00ed \u00fadaje t\u0159et\u00edm stran\u00e1m.<br \/>\nProvozovatel si v\u0161ak vyhrazuje pr\u00e1vo pou\u017e\u00edt nebo p\u0159edat jak\u00fdkoli \u00fadaj, kter\u00fd bude pot\u0159ebn\u00fd<br \/>\nk napln\u011bn\u00ed pr\u00e1vn\u00edch p\u0159edpis\u016f, k ochran\u011b integrity s\u00edt\u011b, ke spln\u011bn\u00ed po\u017eadavku<br \/>\nU\u017eivatele nebo p\u0159i soudn\u00edm vy\u0161et\u0159ov\u00e1n\u00ed a vy\u0161et\u0159ov\u00e1n\u00ed ve ve\u0159ejn\u00e9m z\u00e1jmu.<\/p>\n<p>Pokud si U\u017eivatel p\u0159eje opravit osobn\u00ed data, kter\u00e9 o n\u011bm Provozovatel m\u00e1, m\u016f\u017ee jej o to po\u017e\u00e1dat<br \/>\nna emailov\u00e9 adrese\u00a0<a href=\"mailto:info@ecg-electro.eu\">info@ecg-electro.eu<\/a>\u00a0nebo na po\u0161tovn\u00ed adrese K+B Progres, a.s., U Expertu 91, 250 69 Kl\u00ed\u010dany.<\/p>\n\t\t\t\t\t\t\t\t<\/div>\n\t\t\t\t<\/div>\n\t\t\t\t\t<\/div>\n\t\t<\/div>\n\t\t\t\t\t<\/div>\n\t\t<\/section>\n\t\t\t\t<section class=\"elementor-section elementor-top-section elementor-element elementor-element-3987805 elementor-section-height-min-height elementor-section-items-top elementor-section-boxed elementor-section-height-default\" data-id=\"3987805\" data-element_type=\"section\" data-e-type=\"section\">\n\t\t\t\t\t\t<div class=\"elementor-container elementor-column-gap-default\">\n\t\t\t\t\t<div class=\"elementor-column elementor-col-50 elementor-top-column elementor-element elementor-element-aad1358\" data-id=\"aad1358\" data-element_type=\"column\" data-e-type=\"column\">\n\t\t\t<div class=\"elementor-widget-wrap elementor-element-populated\">\n\t\t\t\t\t\t<div class=\"elementor-element elementor-element-fd2f80d elementor-widget elementor-widget-heading\" data-id=\"fd2f80d\" data-element_type=\"widget\" data-e-type=\"widget\" data-widget_type=\"heading.default\">\n\t\t\t\t<div class=\"elementor-widget-container\">\n\t\t\t\t\t<h2 class=\"elementor-heading-title elementor-size-default\">K\u00d3DY T\u0158ET\u00cdCH STRAN<\/h2>\t\t\t\t<\/div>\n\t\t\t\t<\/div>\n\t\t\t\t\t<\/div>\n\t\t<\/div>\n\t\t\t\t<div class=\"elementor-column elementor-col-50 elementor-top-column elementor-element elementor-element-b9a8dfd\" data-id=\"b9a8dfd\" data-element_type=\"column\" data-e-type=\"column\">\n\t\t\t<div class=\"elementor-widget-wrap elementor-element-populated\">\n\t\t\t\t\t\t<div class=\"elementor-element elementor-element-5c13003 elementor-widget elementor-widget-text-editor\" data-id=\"5c13003\" data-element_type=\"widget\" data-e-type=\"widget\" data-widget_type=\"text-editor.default\">\n\t\t\t\t<div class=\"elementor-widget-container\">\n\t\t\t\t\t\t\t\t\t<p>Na tomto webu pou\u017e\u00edv\u00e1me k\u00f3dy od spole\u010dnost\u00ed Google, kter\u00e9 n\u00e1m pom\u00e1haj\u00ed analyzovat chov\u00e1n\u00ed n\u00e1v\u0161t\u011bvn\u00edk\u016f webu. Tyto str\u00e1nky vyu\u017e\u00edvaj\u00ed slu\u017ebu Google Analytics, poskytovanou spole\u010dnost\u00ed Google, Inc. (d\u00e1le jen \u201cGoogle\u201d). Slu\u017eba Google Analytics pou\u017e\u00edv\u00e1 soubor\u016f \u201ccookies\u201d, kter\u00e9 jsou textov\u00fdmi soubory ukl\u00e1dan\u00fdmi do va\u0161eho po\u010d\u00edta\u010de, umo\u017e\u0148uj\u00edc\u00ed anal\u00fdzu zp\u016fsobu u\u017e\u00edv\u00e1n\u00ed t\u00e9to str\u00e1nky jej\u00edmi u\u017eivateli. Informace vygenerovan\u00e9 souborem cookie o u\u017e\u00edv\u00e1n\u00ed str\u00e1nky (v\u010detn\u011b va\u0161\u00ed IP adresy) budou spole\u010dnost\u00ed Google p\u0159eneseny a ulo\u017eeny na serverech ve Spojen\u00fdch st\u00e1tech.<br \/>\nGoogle bude u\u017e\u00edvat tyto informace pro \u00fa\u010dely vyhodnocov\u00e1n\u00ed u\u017e\u00edv\u00e1n\u00ed str\u00e1nky a vytv\u00e1\u0159en\u00ed zpr\u00e1v o jej\u00ed aktivit\u011b, ur\u010den\u00fdch pro jej\u00ed provozovatele, a pro poskytov\u00e1n\u00ed dal\u0161\u00edch slu\u017eeb t\u00fdkaj\u00edc\u00edch se \u010dinnost\u00ed<br \/>\nna str\u00e1nce a u\u017e\u00edv\u00e1n\u00ed internetu v\u016fbec. Google m\u016f\u017ee tak\u00e9 poskytnout tyto informace t\u0159et\u00edm osob\u00e1m, bude-li to po\u017eadov\u00e1no z\u00e1konem nebo budou-li takov\u00e9to t\u0159et\u00ed osoby zpracov\u00e1vat tyto informace<br \/>\npro Google. Google nebude spojovat va\u0161i IP adresu s jak\u00fdmikoli jin\u00fdmi daty, kter\u00e1 m\u00e1 k dispozici. M\u016f\u017eete odm\u00edtnout pou\u017e\u00edv\u00e1n\u00ed soubor\u016f cookies volbou v p\u0159\u00edslu\u0161n\u00e9m nastaven\u00ed ve va\u0161em prohl\u00ed\u017ee\u010di, av\u0161ak uv\u011bdomte si, \u017ee jestli\u017ee tak u\u010din\u00edte, nebudete schopni pln\u011b vyu\u017e\u00edvat ve\u0161ker\u00e9 funkce t\u00e9to str\u00e1nky. Pou\u017e\u00edv\u00e1n\u00edm t\u00e9to str\u00e1nky souhlas\u00edte se zpracov\u00e1v\u00e1n\u00edm \u00fadaj\u016f o v\u00e1s spole\u010dnost\u00ed Google, a to zp\u016fsobem a k \u00fa\u010delu shora uveden\u00fdm.<\/p>\n\t\t\t\t\t\t\t\t<\/div>\n\t\t\t\t<\/div>\n\t\t\t\t\t<\/div>\n\t\t<\/div>\n\t\t\t\t\t<\/div>\n\t\t<\/section>\n\t\t\t\t<section class=\"elementor-section elementor-top-section elementor-element elementor-element-415fc36 elementor-section-height-min-height elementor-section-items-top elementor-section-boxed elementor-section-height-default\" data-id=\"415fc36\" data-element_type=\"section\" data-e-type=\"section\">\n\t\t\t\t\t\t<div class=\"elementor-container elementor-column-gap-default\">\n\t\t\t\t\t<div class=\"elementor-column elementor-col-50 elementor-top-column elementor-element elementor-element-75aa63c\" data-id=\"75aa63c\" data-element_type=\"column\" data-e-type=\"column\">\n\t\t\t<div class=\"elementor-widget-wrap elementor-element-populated\">\n\t\t\t\t\t\t<div class=\"elementor-element elementor-element-38d0e81 elementor-widget elementor-widget-heading\" data-id=\"38d0e81\" data-element_type=\"widget\" data-e-type=\"widget\" data-widget_type=\"heading.default\">\n\t\t\t\t<div class=\"elementor-widget-container\">\n\t\t\t\t\t<h2 class=\"elementor-heading-title elementor-size-default\">COOKIES<\/h2>\t\t\t\t<\/div>\n\t\t\t\t<\/div>\n\t\t\t\t\t<\/div>\n\t\t<\/div>\n\t\t\t\t<div class=\"elementor-column elementor-col-50 elementor-top-column elementor-element elementor-element-f565eb7\" data-id=\"f565eb7\" data-element_type=\"column\" data-e-type=\"column\">\n\t\t\t<div class=\"elementor-widget-wrap elementor-element-populated\">\n\t\t\t\t\t\t<div class=\"elementor-element elementor-element-2a2cafc elementor-widget elementor-widget-text-editor\" data-id=\"2a2cafc\" data-element_type=\"widget\" data-e-type=\"widget\" data-widget_type=\"text-editor.default\">\n\t\t\t\t<div class=\"elementor-widget-container\">\n\t\t\t\t\t\t\t\t\t<p>\u201cCookies\u201d jsou informace, kter\u00e9 jsou z internetov\u00e9 str\u00e1nky p\u0159ev\u00e1d\u011bny na hard disk po\u010d\u00edta\u010de U\u017eivatele. Cookies umo\u017e\u0148uj\u00ed internetov\u00e9 str\u00e1nce zapamatovat si d\u016fle\u017eit\u00e9 informace, kter\u00e9 U\u017eivateli uleh\u010d\u00ed dal\u0161\u00ed jej\u00ed pou\u017e\u00edv\u00e1n\u00ed.<br \/>\nJako v\u011bt\u0161ina internetov\u00fdch str\u00e1nek, i str\u00e1nky Provozovatele pou\u017e\u00edvaj\u00ed cookies. Na z\u00e1klad\u011b anonymn\u00edch datov\u00fdch objekt\u016f nap\u0159\u00edklad Provozovatel sleduje celkov\u00fd po\u010det n\u00e1v\u0161t\u011bvn\u00edk\u016f na t\u011bchto str\u00e1nk\u00e1ch.<br \/>\nPokud nechce U\u017eivatel cookies pou\u017e\u00edvat nebo pokud chce, aby internetov\u00fd prohl\u00ed\u017ee\u010d pou\u017eit\u00ed cookies ozn\u00e1mil, mus\u00ed tento ve sv\u00e9m internetov\u00e9m prohl\u00ed\u017ee\u010di vybrat p\u0159\u00edslu\u0161nou volbu. Zablokuje-li U\u017eivatel v\u0161echna cookies, nebude moci vyu\u017e\u00edt n\u011bkter\u00e9 funkce t\u011bchto str\u00e1nek.<\/p>\n\t\t\t\t\t\t\t\t<\/div>\n\t\t\t\t<\/div>\n\t\t\t\t\t<\/div>\n\t\t<\/div>\n\t\t\t\t\t<\/div>\n\t\t<\/section>\n\t\t\t\t<section class=\"elementor-section elementor-top-section elementor-element elementor-element-5bbe040 elementor-section-height-min-height elementor-section-items-top elementor-section-boxed elementor-section-height-default\" data-id=\"5bbe040\" data-element_type=\"section\" data-e-type=\"section\">\n\t\t\t\t\t\t<div class=\"elementor-container elementor-column-gap-default\">\n\t\t\t\t\t<div class=\"elementor-column elementor-col-50 elementor-top-column elementor-element elementor-element-589bc92\" data-id=\"589bc92\" data-element_type=\"column\" data-e-type=\"column\">\n\t\t\t<div class=\"elementor-widget-wrap elementor-element-populated\">\n\t\t\t\t\t\t<div class=\"elementor-element elementor-element-0b57a01 elementor-widget elementor-widget-heading\" data-id=\"0b57a01\" data-element_type=\"widget\" data-e-type=\"widget\" data-widget_type=\"heading.default\">\n\t\t\t\t<div class=\"elementor-widget-container\">\n\t\t\t\t\t<h2 class=\"elementor-heading-title elementor-size-default\">ODKAZY NA JIN\u00c9 STR\u00c1NKY<\/h2>\t\t\t\t<\/div>\n\t\t\t\t<\/div>\n\t\t\t\t\t<\/div>\n\t\t<\/div>\n\t\t\t\t<div class=\"elementor-column elementor-col-50 elementor-top-column elementor-element elementor-element-d9875d1\" data-id=\"d9875d1\" data-element_type=\"column\" data-e-type=\"column\">\n\t\t\t<div class=\"elementor-widget-wrap elementor-element-populated\">\n\t\t\t\t\t\t<div class=\"elementor-element elementor-element-de75581 elementor-widget elementor-widget-text-editor\" data-id=\"de75581\" data-element_type=\"widget\" data-e-type=\"widget\" data-widget_type=\"text-editor.default\">\n\t\t\t\t<div class=\"elementor-widget-container\">\n\t\t\t\t\t\t\t\t\t<p>Na str\u00e1nk\u00e1ch ecg-electro.eu, jsou uvedeny odkazy na str\u00e1nky, nad nimi\u017e nem\u00e1 Provozovatel kontrolu. Pokud U\u017eivatel nav\u0161t\u00edv\u00ed n\u011bkterou z t\u011bchto str\u00e1nek, m\u011bl by se sezn\u00e1mit s jejich zabezpe\u010den\u00edm ochrany osobn\u00edch \u00fadaj\u016f. Provozovatel nenese jakoukoliv odpov\u011bdnost za postupy a politiku jin\u00fdch spole\u010dnost\u00ed.<\/p>\n\t\t\t\t\t\t\t\t<\/div>\n\t\t\t\t<\/div>\n\t\t\t\t\t<\/div>\n\t\t<\/div>\n\t\t\t\t\t<\/div>\n\t\t<\/section>\n\t\t\t\t<section class=\"elementor-section elementor-top-section elementor-element elementor-element-3e8890f elementor-section-height-min-height elementor-section-items-top elementor-section-boxed elementor-section-height-default\" data-id=\"3e8890f\" data-element_type=\"section\" data-e-type=\"section\">\n\t\t\t\t\t\t<div class=\"elementor-container elementor-column-gap-default\">\n\t\t\t\t\t<div class=\"elementor-column elementor-col-50 elementor-top-column elementor-element elementor-element-88207b1\" data-id=\"88207b1\" data-element_type=\"column\" data-e-type=\"column\">\n\t\t\t<div class=\"elementor-widget-wrap elementor-element-populated\">\n\t\t\t\t\t\t<div class=\"elementor-element elementor-element-d0e9bac elementor-widget elementor-widget-heading\" data-id=\"d0e9bac\" data-element_type=\"widget\" data-e-type=\"widget\" data-widget_type=\"heading.default\">\n\t\t\t\t<div class=\"elementor-widget-container\">\n\t\t\t\t\t<h2 class=\"elementor-heading-title elementor-size-default\">ZM\u011aNY V POLITICE OCHRANY OSOBN\u00cdCH DAT, CHOV\u00c1N\u00cd U\u017dIVATEL\u016e, ODPOV\u011aDNOST A PR\u00c1VN\u00cd P\u0158\u00cdSLU\u0160NOST<\/h2>\t\t\t\t<\/div>\n\t\t\t\t<\/div>\n\t\t\t\t\t<\/div>\n\t\t<\/div>\n\t\t\t\t<div class=\"elementor-column elementor-col-50 elementor-top-column elementor-element elementor-element-ba1373c\" data-id=\"ba1373c\" data-element_type=\"column\" data-e-type=\"column\">\n\t\t\t<div class=\"elementor-widget-wrap elementor-element-populated\">\n\t\t\t\t\t\t<div class=\"elementor-element elementor-element-2e38908 elementor-widget elementor-widget-text-editor\" data-id=\"2e38908\" data-element_type=\"widget\" data-e-type=\"widget\" data-widget_type=\"text-editor.default\">\n\t\t\t\t<div class=\"elementor-widget-container\">\n\t\t\t\t\t\t\t\t\t<p>Provozovatel si vyhrazuje pr\u00e1vo jakkoliv a kdykoliv m\u011bnit svoji politiku ochrany osobn\u00edch dat, p\u0159i\u010dem\u017e aktu\u00e1ln\u00ed stav bude v\u017edy um\u00edst\u011bn na t\u011bchto str\u00e1nk\u00e1ch.<\/p>\n<p>P\u0159i pou\u017e\u00edv\u00e1n\u00ed t\u011bchto str\u00e1nek U\u017eivatel nesm\u00ed zasahovat do bezpe\u010dnosti t\u011bchto str\u00e1nek, nem\u016f\u017ee tyto str\u00e1nky vyu\u017e\u00edvat k p\u0159en\u00e1\u0161en\u00ed \u0161kodliv\u00fdch soubor\u016f a sna\u017eit se proniknout do ve\u0159ejn\u011b nep\u0159\u00edstupn\u00fdch m\u00edst t\u011bchto str\u00e1nek. U\u017eivatel je rovn\u011b\u017e povinen ct\u00edt autorsk\u00e1 pr\u00e1va Provozovatele k t\u011bmto str\u00e1nk\u00e1m.<\/p>\n<p>P\u0159\u00edpadn\u00e1 rizika plynouc\u00ed U\u017eivateli z pou\u017e\u00edv\u00e1n\u00ed t\u011bchto str\u00e1nek, jsou zcela na U\u017eivateli a Provozovatel za n\u011b nenese jakoukoliv odpov\u011bdnost. Ve\u0161ker\u00e9 spory vznikl\u00e9 v souvislosti s vyu\u017e\u00edv\u00e1n\u00edm t\u011bchto str\u00e1nek, budou projedn\u00e1v\u00e1ny m\u00edstn\u011b p\u0159\u00edslu\u0161n\u00fdm soudem v \u010cesk\u00e9 republice a v souladu se z\u00e1kony \u010cesk\u00e9 republiky. Ustanoven\u00ed t\u011bchto podm\u00ednek, kter\u00e9 se z jak\u00e9hokoliv d\u016fvodu stanou nevymahateln\u00e9, budou pova\u017eov\u00e1na za odd\u011bliteln\u00e1 od zb\u00fdvaj\u00edc\u00edch ujedn\u00e1n\u00ed a na jejich platnost a vymahatelnost nebudou m\u00edt vliv.<\/p>\n<p>&nbsp;<\/p>\n\t\t\t\t\t\t\t\t<\/div>\n\t\t\t\t<\/div>\n\t\t\t\t\t<\/div>\n\t\t<\/div>\n\t\t\t\t\t<\/div>\n\t\t<\/section>\n\t\t\t\t<\/div>\n\t\t","protected":false},"excerpt":{"rendered":"<p>Prohl\u00e1\u0161en\u00ed o ochran\u011b soukrom\u00ed &nbsp; Vlastn\u00edkem a provozovatelem internetov\u00fdch str\u00e1nek ecg-electro.eu je spole\u010dnost K+B Progres, a.s., se s\u00eddlem U Expertu 91, 250 69 Kl\u00ed\u010dany, I\u010c: 61860123, kter\u00e1 je v souladu se z\u00e1k. \u010d. 121\/2000 Sb., autorsk\u00fd z\u00e1kon, opr\u00e1vn\u011bna vykon\u00e1vat majetkov\u00e1 pr\u00e1va k t\u011bmto internetov\u00fdm str\u00e1nk\u00e1m (d\u00e1le jen \u201eProvozovatel\u201c). Provozovateli n\u00e1le\u017e\u00ed v\u0161echna autorsk\u00e1 pr\u00e1va k ve\u0161ker\u00e9mu [&hellip;]<\/p>\n","protected":false},"author":1,"featured_media":0,"parent":0,"menu_order":0,"comment_status":"closed","ping_status":"closed","template":"elementor_header_footer","meta":{"_acf_changed":false,"_monsterinsights_skip_tracking":false,"_monsterinsights_sitenote_active":false,"_monsterinsights_sitenote_note":"","_monsterinsights_sitenote_category":0,"footnotes":""},"class_list":["post-217872","page","type-page","status-publish","hentry"],"acf":[],"_links":{"self":[{"href":"https:\/\/ecg-electro.eu\/cs\/wp-json\/wp\/v2\/pages\/217872","targetHints":{"allow":["GET"]}}],"collection":[{"href":"https:\/\/ecg-electro.eu\/cs\/wp-json\/wp\/v2\/pages"}],"about":[{"href":"https:\/\/ecg-electro.eu\/cs\/wp-json\/wp\/v2\/types\/page"}],"author":[{"embeddable":true,"href":"https:\/\/ecg-electro.eu\/cs\/wp-json\/wp\/v2\/users\/1"}],"replies":[{"embeddable":true,"href":"https:\/\/ecg-electro.eu\/cs\/wp-json\/wp\/v2\/comments?post=217872"}],"version-history":[{"count":3,"href":"https:\/\/ecg-electro.eu\/cs\/wp-json\/wp\/v2\/pages\/217872\/revisions"}],"predecessor-version":[{"id":2027943,"href":"https:\/\/ecg-electro.eu\/cs\/wp-json\/wp\/v2\/pages\/217872\/revisions\/2027943"}],"wp:attachment":[{"href":"https:\/\/ecg-electro.eu\/cs\/wp-json\/wp\/v2\/media?parent=217872"}],"curies":[{"name":"wp","href":"https:\/\/api.w.org\/{rel}","templated":true}]}}