{"id":2024083,"date":"2021-04-14T08:06:53","date_gmt":"2021-04-14T08:06:53","guid":{"rendered":"https:\/\/ecg-electro.eu\/where-to-buy\/"},"modified":"2025-08-27T16:07:44","modified_gmt":"2025-08-27T14:07:44","slug":"kde-koupit","status":"publish","type":"page","link":"https:\/\/ecg-electro.eu\/cs\/kde-koupit\/","title":{"rendered":"Kde koupit"},"content":{"rendered":"\t\t<div data-elementor-type=\"wp-page\" data-elementor-id=\"2024083\" class=\"elementor elementor-2024083 elementor-253639\" data-elementor-post-type=\"page\">\n\t\t\t\t\t\t<section data-dce-background-color=\"#F6F6F6\" class=\"elementor-section elementor-top-section elementor-element elementor-element-b432f42 elementor-section-height-min-height elementor-section-boxed elementor-section-height-default elementor-section-items-middle\" data-id=\"b432f42\" data-element_type=\"section\" data-e-type=\"section\" data-settings=\"{&quot;background_background&quot;:&quot;classic&quot;}\">\n\t\t\t\t\t\t<div class=\"elementor-container elementor-column-gap-default\">\n\t\t\t\t\t<div class=\"elementor-column elementor-col-100 elementor-top-column elementor-element elementor-element-2eca32a\" data-id=\"2eca32a\" data-element_type=\"column\" data-e-type=\"column\">\n\t\t\t<div class=\"elementor-widget-wrap elementor-element-populated\">\n\t\t\t\t\t\t<div class=\"elementor-element elementor-element-f898446 elementor-widget elementor-widget-heading\" data-id=\"f898446\" data-element_type=\"widget\" data-e-type=\"widget\" data-widget_type=\"heading.default\">\n\t\t\t\t<div class=\"elementor-widget-container\">\n\t\t\t\t\t<h1 class=\"elementor-heading-title elementor-size-xxl\">Kde koupit<\/h1>\t\t\t\t<\/div>\n\t\t\t\t<\/div>\n\t\t\t\t<section class=\"elementor-section elementor-inner-section elementor-element elementor-element-3b6cc2e elementor-section-boxed elementor-section-height-default elementor-section-height-default\" data-id=\"3b6cc2e\" data-element_type=\"section\" data-e-type=\"section\">\n\t\t\t\t\t\t<div class=\"elementor-container elementor-column-gap-default\">\n\t\t\t\t\t<div class=\"elementor-column elementor-col-33 elementor-inner-column elementor-element elementor-element-75fc67d\" data-id=\"75fc67d\" data-element_type=\"column\" data-e-type=\"column\">\n\t\t\t<div class=\"elementor-widget-wrap elementor-element-populated\">\n\t\t\t\t\t\t<div class=\"elementor-element elementor-element-4fbabaf elementor-widget elementor-widget-heading\" data-id=\"4fbabaf\" data-element_type=\"widget\" data-e-type=\"widget\" data-widget_type=\"heading.default\">\n\t\t\t\t<div class=\"elementor-widget-container\">\n\t\t\t\t\t<h2 class=\"elementor-heading-title elementor-size-default\">NA\u0160I OBCHODN\u00cd PARTNE\u0158I<\/h2>\t\t\t\t<\/div>\n\t\t\t\t<\/div>\n\t\t\t\t\t<\/div>\n\t\t<\/div>\n\t\t\t\t<div class=\"elementor-column elementor-col-66 elementor-inner-column elementor-element elementor-element-9c59103\" data-id=\"9c59103\" data-element_type=\"column\" data-e-type=\"column\">\n\t\t\t<div class=\"elementor-widget-wrap elementor-element-populated\">\n\t\t\t\t\t\t<div class=\"elementor-element elementor-element-d0cba45 elementor-widget elementor-widget-text-editor\" data-id=\"d0cba45\" data-element_type=\"widget\" data-e-type=\"widget\" data-widget_type=\"text-editor.default\">\n\t\t\t\t<div class=\"elementor-widget-container\">\n\t\t\t\t\t\t\t\t\t<p>Jedn\u00edm z princip\u016f zna\u010dky ECG je dobr\u00e1 dostupnost pro na\u0161e z\u00e1kazn\u00edky. My v ECG jsme otev\u0159eni spolupr\u00e1ci se v\u0161emi typy prodejn\u00edch kan\u00e1l\u016f. Zbo\u017e\u00ed s logem ECG koup\u00edte jak v s\u00edt\u00edch odborn\u00fdch elektro specialist\u016f, jejich\u017e prodejny jsou soust\u0159ed\u011bny v\u011bt\u0161inou ve velk\u00fdch m\u011bstech, tak i u lok\u00e1ln\u00edch prodejc\u016f, kte\u0159\u00ed se sv\u00fdmi prodejnami pokr\u00fdvaj\u00ed zejm\u00e9na men\u0161\u00ed m\u011bsta a obce. V\u00fdrobky ECG si m\u016f\u017eete samoz\u0159ejm\u011b objednat tak\u00e9 p\u0159es internetov\u00e9 prodejce. Produkty ECG v ucelen\u00e9m sortimentu najdete v nab\u00eddk\u00e1ch velk\u00fdch i mal\u00fdch e-shop\u016f. Se spot\u0159ebi\u010di zna\u010dky ECG se z\u00e1kazn\u00edci setk\u00e1vaj\u00ed rovn\u011b\u017e na prodejn\u00edch ploch\u00e1ch hypermarket\u016f mezin\u00e1rodn\u00edch obchodn\u00edch \u0159et\u011bzc\u016f.<\/p>\n\t\t\t\t\t\t\t\t<\/div>\n\t\t\t\t<\/div>\n\t\t\t\t<div class=\"elementor-element elementor-element-d86262e elementor-widget elementor-widget-spacer\" data-id=\"d86262e\" data-element_type=\"widget\" data-e-type=\"widget\" data-settings=\"{&quot;enabled_visibility&quot;:&quot;yes&quot;,&quot;dce_visibility_selected&quot;:&quot;yes&quot;}\" data-widget_type=\"spacer.default\">\n\t\t\t\t<div class=\"elementor-widget-container\">\n\t\t\t\t\t\t\t<div class=\"elementor-spacer\">\n\t\t\t<div class=\"elementor-spacer-inner\"><\/div>\n\t\t<\/div>\n\t\t\t\t\t\t<\/div>\n\t\t\t\t<\/div>\n\t\t\t\t<div class=\"elementor-element elementor-element-38db1c4 elementor-widget elementor-widget-text-editor\" data-id=\"38db1c4\" data-element_type=\"widget\" data-e-type=\"widget\" data-widget_type=\"text-editor.default\">\n\t\t\t\t<div class=\"elementor-widget-container\">\n\t\t\t\t\t\t\t\t\t<p><strong>V\u00fdrobky ECG koup\u00edte u elektro specialisty i u lok\u00e1ln\u00edho prodejce.<\/strong><\/p>\n\t\t\t\t\t\t\t\t<\/div>\n\t\t\t\t<\/div>\n\t\t\t\t<div class=\"elementor-element elementor-element-d785b6f elementor-widget elementor-widget-spacer\" data-id=\"d785b6f\" data-element_type=\"widget\" data-e-type=\"widget\" data-settings=\"{&quot;enabled_visibility&quot;:&quot;yes&quot;,&quot;dce_visibility_selected&quot;:&quot;yes&quot;}\" data-widget_type=\"spacer.default\">\n\t\t\t\t<div class=\"elementor-widget-container\">\n\t\t\t\t\t\t\t<div class=\"elementor-spacer\">\n\t\t\t<div class=\"elementor-spacer-inner\"><\/div>\n\t\t<\/div>\n\t\t\t\t\t\t<\/div>\n\t\t\t\t<\/div>\n\t\t\t\t<div class=\"elementor-element elementor-element-a810a96 elementor-widget elementor-widget-text-editor\" data-id=\"a810a96\" data-element_type=\"widget\" data-e-type=\"widget\" data-widget_type=\"text-editor.default\">\n\t\t\t\t<div class=\"elementor-widget-container\">\n\t\t\t\t\t\t\t\t\t<p>ECG nen\u00ed jen lok\u00e1ln\u00ed zna\u010dkou jako v dob\u00e1ch sv\u00e9ho vzniku. V pr\u016fb\u011bhu sv\u00e9 historie se v\u00fdrobky t\u00e9to zna\u010dky dok\u00e1zaly prosadit na mnoha zahrani\u010dn\u00edch trz\u00edch uvnit\u0159 Evropy i mimo toto teritorium. Popularita v\u00fdrobk\u016f ECG roste a zejm\u00e9na v evropsk\u00fdch zem\u00edch zaznamen\u00e1v\u00e1 zna\u010dka v posledn\u00edch letech n\u00e1r\u016fst z\u00e1jmu ze strany obchodn\u00edk\u016f i z\u00e1kazn\u00edk\u016f.<\/p>\n\t\t\t\t\t\t\t\t<\/div>\n\t\t\t\t<\/div>\n\t\t\t\t<div class=\"elementor-element elementor-element-d2567e0 elementor-widget elementor-widget-spacer\" data-id=\"d2567e0\" data-element_type=\"widget\" data-e-type=\"widget\" data-settings=\"{&quot;enabled_visibility&quot;:&quot;yes&quot;,&quot;dce_visibility_selected&quot;:&quot;yes&quot;}\" data-widget_type=\"spacer.default\">\n\t\t\t\t<div class=\"elementor-widget-container\">\n\t\t\t\t\t\t\t<div class=\"elementor-spacer\">\n\t\t\t<div class=\"elementor-spacer-inner\"><\/div>\n\t\t<\/div>\n\t\t\t\t\t\t<\/div>\n\t\t\t\t<\/div>\n\t\t\t\t<div class=\"elementor-element elementor-element-e62499f elementor-widget elementor-widget-text-editor\" data-id=\"e62499f\" data-element_type=\"widget\" data-e-type=\"widget\" data-widget_type=\"text-editor.default\">\n\t\t\t\t<div class=\"elementor-widget-container\">\n\t\t\t\t\t\t\t\t\t<p><strong>V\u00fdrobky ECG jsou popul\u00e1rn\u00ed u z\u00e1kazn\u00edk\u016f v r\u016fzn\u00fdch \u010d\u00e1stech Evropy.<\/strong><\/p>\n\t\t\t\t\t\t\t\t<\/div>\n\t\t\t\t<\/div>\n\t\t\t\t\t<\/div>\n\t\t<\/div>\n\t\t\t\t\t<\/div>\n\t\t<\/section>\n\t\t\t\t\t<\/div>\n\t\t<\/div>\n\t\t\t\t\t<\/div>\n\t\t<\/section>\n\t\t\t\t<section class=\"elementor-section elementor-top-section elementor-element elementor-element-604cea8d elementor-section-full_width elementor-section-height-default elementor-section-height-default\" data-id=\"604cea8d\" data-element_type=\"section\" data-e-type=\"section\">\n\t\t\t\t\t\t<div class=\"elementor-container elementor-column-gap-no\">\n\t\t\t\t\t<div class=\"elementor-column elementor-col-100 elementor-top-column elementor-element elementor-element-1f4bfce4\" data-id=\"1f4bfce4\" data-element_type=\"column\" data-e-type=\"column\">\n\t\t\t<div class=\"elementor-widget-wrap elementor-element-populated\">\n\t\t\t\t\t\t\t<\/div>\n\t\t<\/div>\n\t\t\t\t\t<\/div>\n\t\t<\/section>\n\t\t\t\t<section class=\"elementor-section elementor-top-section elementor-element elementor-element-eef33ba elementor-section-boxed elementor-section-height-default elementor-section-height-default\" data-id=\"eef33ba\" data-element_type=\"section\" data-e-type=\"section\">\n\t\t\t\t\t\t<div class=\"elementor-container elementor-column-gap-default\">\n\t\t\t\t\t<div class=\"elementor-column elementor-col-100 elementor-top-column elementor-element elementor-element-f2b22ec\" data-id=\"f2b22ec\" data-element_type=\"column\" data-e-type=\"column\">\n\t\t\t<div class=\"elementor-widget-wrap elementor-element-populated\">\n\t\t\t\t\t\t<div class=\"elementor-element elementor-element-9425c30 elementor-widget elementor-widget-shortcode\" data-id=\"9425c30\" data-element_type=\"widget\" data-e-type=\"widget\" data-widget_type=\"shortcode.default\">\n\t\t\t\t<div class=\"elementor-widget-container\">\n\t\t\t\t\t<div class=\"partners-container\"><div class=\"country-column\">\r\n\t\t<h2>\u010cesk\u00e1 republika<\/h2>\r\n\t\t<\/div><div class=\"sellers-column\"><div class=\"sellers-container\"><a href=\"https:\/\/www.alza.cz\/ecg\/v1825.htm\" target=\"_blank\" rel=\"noopener\"><div class=\"seller\"><img decoding=\"async\" src=\"https:\/\/ecg-electro.eu\/wp-content\/uploads\/2021\/04\/alza-logo.jpg\" alt=\"alza\"><\/div><\/a><a href=\"https:\/\/allegro.cz\/vyhledavani?string=ecg&amp;utm_source=mall.cz\" target=\"_blank\" rel=\"noopener\"><div class=\"seller\"><img decoding=\"async\" src=\"https:\/\/ecg-electro.eu\/wp-content\/uploads\/2021\/06\/allegro_logo.png\" alt=\"mall-cz\"><\/div><\/a><a href=\"https:\/\/www.expert.cz\/ecg\/\" target=\"_blank\" rel=\"noopener\"><div class=\"seller\"><img decoding=\"async\" src=\"https:\/\/ecg-electro.eu\/wp-content\/uploads\/2021\/06\/expert_logo_at.jpg\" alt=\"expert-elektro\"><\/div><\/a><a href=\"https:\/\/www.onlineshop.cz\/ecg\/\" target=\"_blank\" rel=\"noopener\"><div class=\"seller\"><img decoding=\"async\" src=\"https:\/\/ecg-electro.eu\/wp-content\/uploads\/2021\/05\/Logo-OnlineShop.png\" alt=\"online-shop\"><\/div><\/a><a href=\"https:\/\/www.tsbohemia.cz\/ecg_c5197\" target=\"_blank\" rel=\"noopener\"><div class=\"seller\"><img decoding=\"async\" src=\"https:\/\/ecg-electro.eu\/wp-content\/uploads\/2021\/05\/tsbohemia_cz_logo.png\" alt=\"tsbohemia\"><\/div><\/a><a href=\"https:\/\/www.heureka.cz\/znacky\/ecg\/\" target=\"_blank\" rel=\"noopener\"><div class=\"seller\"><img decoding=\"async\" src=\"https:\/\/ecg-electro.eu\/wp-content\/uploads\/2021\/06\/heureka.png\" alt=\"heureka\"><\/div><\/a><a href=\"https:\/\/www.datart.cz\/ecg\" target=\"_blank\" rel=\"noopener\"><div class=\"seller\"><img decoding=\"async\" src=\"https:\/\/ecg-electro.eu\/wp-content\/uploads\/2025\/01\/DATART_10-logozona_RGB.png\" alt=\"datart\"><\/div><\/a><a href=\"https:\/\/www.mironet.cz\/ProductList\/showSearch?EXPS=ECG\" target=\"_blank\" rel=\"noopener\"><div class=\"seller\"><img decoding=\"async\" src=\"https:\/\/ecg-electro.eu\/wp-content\/uploads\/2025\/08\/Logo-web.png\" alt=\"mironet\"><\/div><\/a><a href=\"https:\/\/www.zbozi.cz\/znacka\/ecg\/\" target=\"_blank\" rel=\"noopener\"><div class=\"seller\"><img decoding=\"async\" src=\"https:\/\/ecg-electro.eu\/wp-content\/uploads\/2021\/06\/zbozi_logo_web-e1532417786833.png\" alt=\"zbozi\"><\/div><\/a><a href=\"https:\/\/www.exasoft.cz\/default.asp?cls=stoitems&amp;stifulltext_search=and&amp;fulltext=ecg#fulltext=ecg\" target=\"_blank\" rel=\"noopener\"><div class=\"seller\"><img decoding=\"async\" src=\"https:\/\/ecg-electro.eu\/wp-content\/uploads\/2021\/06\/lexa_logo.png\" alt=\"exasoft\"><\/div><\/a><a href=\"https:\/\/www.globus.cz\/\" target=\"_blank\" rel=\"noopener\"><div class=\"seller\"><img decoding=\"async\" src=\"https:\/\/ecg-electro.eu\/wp-content\/uploads\/2021\/06\/logo-24.jpg\" alt=\"globus\"><\/div><\/a><a href=\"https:\/\/www.makro.cz\/vyhledavani?q=ecg\" target=\"_blank\" rel=\"noopener\"><div class=\"seller\"><img decoding=\"async\" src=\"https:\/\/ecg-electro.eu\/wp-content\/uploads\/2021\/06\/logo-25.jpg\" alt=\"makro\"><\/div><\/a><a href=\"https:\/\/www.atlelektro.cz\/\" target=\"_blank\" rel=\"noopener\"><div class=\"seller\"><img decoding=\"async\" src=\"https:\/\/ecg-electro.eu\/wp-content\/uploads\/2021\/06\/atl_logo.png\" alt=\"atl-elektro\"><\/div><\/a><a href=\"https:\/\/www.eberry.cz\/ecg\" target=\"_blank\" rel=\"noopener\"><div class=\"seller\"><img decoding=\"async\" src=\"https:\/\/ecg-electro.eu\/wp-content\/uploads\/2021\/06\/eberry_logo.png\" alt=\"eberry\"><\/div><\/a><a href=\"https:\/\/www.ecprodejny.cz\/category\/produkty\/\" target=\"_blank\" rel=\"noopener\"><div class=\"seller\"><img decoding=\"async\" src=\"https:\/\/ecg-electro.eu\/wp-content\/uploads\/2021\/06\/logo-21.jpg\" alt=\"ec-prodejny\"><\/div><\/a><a href=\"https:\/\/www.eva.cz\/znacka\/ecg\/\" target=\"_blank\" rel=\"noopener\"><div class=\"seller\"><img decoding=\"async\" src=\"https:\/\/ecg-electro.eu\/wp-content\/uploads\/2021\/06\/eva_logo.png\" alt=\"eva\"><\/div><\/a><a href=\"https:\/\/www.teshop.cz\/vyrobci\/ecg\/\" target=\"_blank\" rel=\"noopener\"><div class=\"seller\"><img decoding=\"async\" src=\"https:\/\/ecg-electro.eu\/wp-content\/uploads\/2021\/06\/tauer_logo.png\" alt=\"tauer-elektro\"><\/div><\/a><a href=\"https:\/\/www.elektrospecialista.cz\/kroot-eshop?q=ecg&amp;q_cena_min=-15&amp;q_cena_max=133300&amp;q_znacka=ECG\" target=\"_blank\" rel=\"noopener\"><div class=\"seller\"><img decoding=\"async\" src=\"https:\/\/ecg-electro.eu\/wp-content\/uploads\/2021\/06\/global_electro_logo-1.png\" alt=\"elektrospecialista\"><\/div><\/a><a href=\"https:\/\/www.kuptotu.cz\/catalogsearch\/result\/?cat=&amp;q=ecg+\" target=\"_blank\" rel=\"noopener\"><div class=\"seller\"><img decoding=\"async\" src=\"https:\/\/ecg-electro.eu\/wp-content\/uploads\/2021\/06\/kup_to_tu_logo.png\" alt=\"kuptotu\"><\/div><\/a><\/div><\/div><\/div>\t\t<div class=\"elementor-shortcode\"><\/div>\n\t\t\t\t\t\t<\/div>\n\t\t\t\t<\/div>\n\t\t\t\t\t<\/div>\n\t\t<\/div>\n\t\t\t\t\t<\/div>\n\t\t<\/section>\n\t\t\t\t<\/div>\n\t\t","protected":false},"excerpt":{"rendered":"<p>NA\u0160I OBCHODN\u00cd PARTNE\u0158I Jedn\u00edm z princip\u016f zna\u010dky ECG je dobr\u00e1 dostupnost pro na\u0161e z\u00e1kazn\u00edky. My v ECG jsme otev\u0159eni spolupr\u00e1ci se v\u0161emi typy prodejn\u00edch kan\u00e1l\u016f. Zbo\u017e\u00ed s logem ECG koup\u00edte jak v s\u00edt\u00edch odborn\u00fdch elektro specialist\u016f, jejich\u017e prodejny jsou soust\u0159ed\u011bny v\u011bt\u0161inou ve velk\u00fdch m\u011bstech, tak i u lok\u00e1ln\u00edch prodejc\u016f, kte\u0159\u00ed se sv\u00fdmi prodejnami pokr\u00fdvaj\u00ed zejm\u00e9na [&hellip;]<\/p>\n","protected":false},"author":1,"featured_media":0,"parent":0,"menu_order":0,"comment_status":"closed","ping_status":"closed","template":"elementor_header_footer","meta":{"_acf_changed":false,"_monsterinsights_skip_tracking":false,"_monsterinsights_sitenote_active":false,"_monsterinsights_sitenote_note":"","_monsterinsights_sitenote_category":0,"footnotes":""},"class_list":["post-2024083","page","type-page","status-publish","hentry"],"acf":[],"_links":{"self":[{"href":"https:\/\/ecg-electro.eu\/cs\/wp-json\/wp\/v2\/pages\/2024083","targetHints":{"allow":["GET"]}}],"collection":[{"href":"https:\/\/ecg-electro.eu\/cs\/wp-json\/wp\/v2\/pages"}],"about":[{"href":"https:\/\/ecg-electro.eu\/cs\/wp-json\/wp\/v2\/types\/page"}],"author":[{"embeddable":true,"href":"https:\/\/ecg-electro.eu\/cs\/wp-json\/wp\/v2\/users\/1"}],"replies":[{"embeddable":true,"href":"https:\/\/ecg-electro.eu\/cs\/wp-json\/wp\/v2\/comments?post=2024083"}],"version-history":[{"count":5,"href":"https:\/\/ecg-electro.eu\/cs\/wp-json\/wp\/v2\/pages\/2024083\/revisions"}],"predecessor-version":[{"id":3646421,"href":"https:\/\/ecg-electro.eu\/cs\/wp-json\/wp\/v2\/pages\/2024083\/revisions\/3646421"}],"wp:attachment":[{"href":"https:\/\/ecg-electro.eu\/cs\/wp-json\/wp\/v2\/media?parent=2024083"}],"curies":[{"name":"wp","href":"https:\/\/api.w.org\/{rel}","templated":true}]}}